{"id":1068,"date":"2021-07-19T10:55:19","date_gmt":"2021-07-19T14:55:19","guid":{"rendered":"https:\/\/oceanic.gomd.cl\/dev\/?post_type=product&#038;p=1068"},"modified":"2021-08-09T15:47:57","modified_gmt":"2021-08-09T19:47:57","slug":"lagoon-42","status":"publish","type":"product","link":"https:\/\/oceanic.gomd.cl\/dev\/embarcacion\/lagoon-42\/","title":{"rendered":"Lagoon 42"},"content":{"rendered":"<p>Un dise\u00f1o moderno y elegante<\/p>\n<p>Este nuevo miembro de la familia tiene estilo y una personalidad fuerte. Mientras se mantiene un aire de familia y la retenci\u00f3n de las principales caracter\u00edsticas de la \u00faltima generaci\u00f3n de Lagoon, nos muestra un nuevo camino: la evoluci\u00f3n sin prisas, un nuevo enfoque \u201corg\u00e1nico\u201d, en busca de la armon\u00eda entre el espacio de vida y el hombre.<\/p>\n","protected":false},"excerpt":{"rendered":"<p>Un dise\u00f1o moderno y elegante Este nuevo miembro de la familia tiene estilo y una personalidad fuerte. Mientras se mantiene un aire de familia y la retenci\u00f3n de las principales caracter\u00edsticas de la \u00faltima generaci\u00f3n de Lagoon, nos muestra un nuevo camino: la evoluci\u00f3n sin prisas, un nuevo enfoque \u201corg\u00e1nico\u201d, en busca de la armon\u00eda &hellip;<\/p>\n<p class=\"read-more\"> <a class=\"\" href=\"https:\/\/oceanic.gomd.cl\/dev\/embarcacion\/lagoon-42\/\"> <span class=\"screen-reader-text\">Lagoon 42<\/span> Read More &raquo;<\/a><\/p>\n","protected":false},"featured_media":1069,"comment_status":"open","ping_status":"closed","template":"","meta":[],"product_cat":[82,44,23],"product_tag":[80],"class_list":["post-1068","product","type-product","status-publish","has-post-thumbnail","hentry","product_cat-catamaran","product_cat-nuevo","product_cat-vela","product_tag-lagoon"],"_links":{"self":[{"href":"https:\/\/oceanic.gomd.cl\/dev\/wp-json\/wp\/v2\/product\/1068","targetHints":{"allow":["GET"]}}],"collection":[{"href":"https:\/\/oceanic.gomd.cl\/dev\/wp-json\/wp\/v2\/product"}],"about":[{"href":"https:\/\/oceanic.gomd.cl\/dev\/wp-json\/wp\/v2\/types\/product"}],"replies":[{"embeddable":true,"href":"https:\/\/oceanic.gomd.cl\/dev\/wp-json\/wp\/v2\/comments?post=1068"}],"wp:featuredmedia":[{"embeddable":true,"href":"https:\/\/oceanic.gomd.cl\/dev\/wp-json\/wp\/v2\/media\/1069"}],"wp:attachment":[{"href":"https:\/\/oceanic.gomd.cl\/dev\/wp-json\/wp\/v2\/media?parent=1068"}],"wp:term":[{"taxonomy":"product_cat","embeddable":true,"href":"https:\/\/oceanic.gomd.cl\/dev\/wp-json\/wp\/v2\/product_cat?post=1068"},{"taxonomy":"product_tag","embeddable":true,"href":"https:\/\/oceanic.gomd.cl\/dev\/wp-json\/wp\/v2\/product_tag?post=1068"}],"curies":[{"name":"wp","href":"https:\/\/api.w.org\/{rel}","templated":true}]}}