{"id":1088,"date":"2021-07-19T11:27:10","date_gmt":"2021-07-19T15:27:10","guid":{"rendered":"https:\/\/oceanic.gomd.cl\/dev\/?post_type=product&#038;p=1088"},"modified":"2021-08-09T15:42:57","modified_gmt":"2021-08-09T19:42:57","slug":"lagoon-40","status":"publish","type":"product","link":"https:\/\/oceanic.gomd.cl\/dev\/embarcacion\/lagoon-40\/","title":{"rendered":"Lagoon 40"},"content":{"rendered":"<p>Con su nueva identidad visual, el 40 se destaca inmediatamente. Si bien es fiel a la imagen del \u00abADN\u00bb de Lagoon, nace un nuevo estilo: un dise\u00f1o individual, aerodin\u00e1mico y logrado que representa sus grandes ojos de buey y su vista panor\u00e1mica. Esto crea una unidad refinada y de alto rendimiento, enfatizada por el bisel que va desde la proa a la popa. Una nueva generaci\u00f3n de Lagoon, reconocible a primera vista.<\/p>\n","protected":false},"excerpt":{"rendered":"<p>Con su nueva identidad visual, el 40 se destaca inmediatamente. Si bien es fiel a la imagen del \u00abADN\u00bb de Lagoon, nace un nuevo estilo: un dise\u00f1o individual, aerodin\u00e1mico y logrado que representa sus grandes ojos de buey y su vista panor\u00e1mica. Esto crea una unidad refinada y de alto rendimiento, enfatizada por el bisel &hellip;<\/p>\n<p class=\"read-more\"> <a class=\"\" href=\"https:\/\/oceanic.gomd.cl\/dev\/embarcacion\/lagoon-40\/\"> <span class=\"screen-reader-text\">Lagoon 40<\/span> Read More &raquo;<\/a><\/p>\n","protected":false},"featured_media":1089,"comment_status":"open","ping_status":"closed","template":"","meta":[],"product_cat":[82,44,23],"product_tag":[80],"class_list":["post-1088","product","type-product","status-publish","has-post-thumbnail","hentry","product_cat-catamaran","product_cat-nuevo","product_cat-vela","product_tag-lagoon"],"_links":{"self":[{"href":"https:\/\/oceanic.gomd.cl\/dev\/wp-json\/wp\/v2\/product\/1088","targetHints":{"allow":["GET"]}}],"collection":[{"href":"https:\/\/oceanic.gomd.cl\/dev\/wp-json\/wp\/v2\/product"}],"about":[{"href":"https:\/\/oceanic.gomd.cl\/dev\/wp-json\/wp\/v2\/types\/product"}],"replies":[{"embeddable":true,"href":"https:\/\/oceanic.gomd.cl\/dev\/wp-json\/wp\/v2\/comments?post=1088"}],"wp:featuredmedia":[{"embeddable":true,"href":"https:\/\/oceanic.gomd.cl\/dev\/wp-json\/wp\/v2\/media\/1089"}],"wp:attachment":[{"href":"https:\/\/oceanic.gomd.cl\/dev\/wp-json\/wp\/v2\/media?parent=1088"}],"wp:term":[{"taxonomy":"product_cat","embeddable":true,"href":"https:\/\/oceanic.gomd.cl\/dev\/wp-json\/wp\/v2\/product_cat?post=1088"},{"taxonomy":"product_tag","embeddable":true,"href":"https:\/\/oceanic.gomd.cl\/dev\/wp-json\/wp\/v2\/product_tag?post=1088"}],"curies":[{"name":"wp","href":"https:\/\/api.w.org\/{rel}","templated":true}]}}