{"id":1102,"date":"2021-07-19T11:46:24","date_gmt":"2021-07-19T15:46:24","guid":{"rendered":"https:\/\/oceanic.gomd.cl\/dev\/?post_type=product&#038;p=1102"},"modified":"2021-08-09T15:31:24","modified_gmt":"2021-08-09T19:31:24","slug":"lagoon-sixty7","status":"publish","type":"product","link":"https:\/\/oceanic.gomd.cl\/dev\/embarcacion\/lagoon-sixty7\/","title":{"rendered":"Lagoon Sixty7"},"content":{"rendered":"<p>La marca Lagoon se complace en presentar su nuevo modelo de Motor Yacht : el SIXTY 7. Digno heredero del SEVENTY 8, este barco est\u00e1 dise\u00f1ado seg\u00fan el concepto de Leonardo da Vinci \u00abLa mayor sofisticaci\u00f3n es la sencillez\u00bb.<\/p>\n<p>Patrick le Qu\u00e9ment, dise\u00f1ador exterior de este nuevo producto, explica: \u00abEl SIXTY 7 representa ante todo la elegancia de la raz\u00f3n. Una elegancia que se apoya en la pureza de sus l\u00edneas. Este tipo de belleza que tiene muchas maneras afortunadas de contradecirse a s\u00ed misma: amplia y concisa, llegando al Ser evitando el Aparentar\u00bb<\/p>\n","protected":false},"excerpt":{"rendered":"<p>La marca Lagoon se complace en presentar su nuevo modelo de Motor Yacht : el SIXTY 7. Digno heredero del SEVENTY 8, este barco est\u00e1 dise\u00f1ado seg\u00fan el concepto de Leonardo da Vinci \u00abLa mayor sofisticaci\u00f3n es la sencillez\u00bb. Patrick le Qu\u00e9ment, dise\u00f1ador exterior de este nuevo producto, explica: \u00abEl SIXTY 7 representa ante todo &hellip;<\/p>\n<p class=\"read-more\"> <a class=\"\" href=\"https:\/\/oceanic.gomd.cl\/dev\/embarcacion\/lagoon-sixty7\/\"> <span class=\"screen-reader-text\">Lagoon Sixty7<\/span> Read More &raquo;<\/a><\/p>\n","protected":false},"featured_media":1103,"comment_status":"open","ping_status":"closed","template":"","meta":[],"product_cat":[82,22,44],"product_tag":[80],"class_list":["post-1102","product","type-product","status-publish","has-post-thumbnail","hentry","product_cat-catamaran","product_cat-motor","product_cat-nuevo","product_tag-lagoon"],"_links":{"self":[{"href":"https:\/\/oceanic.gomd.cl\/dev\/wp-json\/wp\/v2\/product\/1102","targetHints":{"allow":["GET"]}}],"collection":[{"href":"https:\/\/oceanic.gomd.cl\/dev\/wp-json\/wp\/v2\/product"}],"about":[{"href":"https:\/\/oceanic.gomd.cl\/dev\/wp-json\/wp\/v2\/types\/product"}],"replies":[{"embeddable":true,"href":"https:\/\/oceanic.gomd.cl\/dev\/wp-json\/wp\/v2\/comments?post=1102"}],"wp:featuredmedia":[{"embeddable":true,"href":"https:\/\/oceanic.gomd.cl\/dev\/wp-json\/wp\/v2\/media\/1103"}],"wp:attachment":[{"href":"https:\/\/oceanic.gomd.cl\/dev\/wp-json\/wp\/v2\/media?parent=1102"}],"wp:term":[{"taxonomy":"product_cat","embeddable":true,"href":"https:\/\/oceanic.gomd.cl\/dev\/wp-json\/wp\/v2\/product_cat?post=1102"},{"taxonomy":"product_tag","embeddable":true,"href":"https:\/\/oceanic.gomd.cl\/dev\/wp-json\/wp\/v2\/product_tag?post=1102"}],"curies":[{"name":"wp","href":"https:\/\/api.w.org\/{rel}","templated":true}]}}