{"id":1122,"date":"2021-07-19T12:09:57","date_gmt":"2021-07-19T16:09:57","guid":{"rendered":"https:\/\/oceanic.gomd.cl\/dev\/?post_type=product&#038;p=1122"},"modified":"2021-08-09T15:29:58","modified_gmt":"2021-08-09T19:29:58","slug":"lagoon-seventy8","status":"publish","type":"product","link":"https:\/\/oceanic.gomd.cl\/dev\/embarcacion\/lagoon-seventy8\/","title":{"rendered":"Lagoon Seventy8"},"content":{"rendered":"<p>El SEVENTY 8, el nuevo buque insignia, est\u00e1 haciendo su gran entrada en Lagoon. Este yate, de m\u00e1s de 24 metros de longitud, dise\u00f1ado por los grandes nombres de la arquitectura naval, VPLP, Patrick Le Qu\u00e9ment y Nauta Design, marca la entrada al mundo de los yates de motor, en el que el lujo y la comodidad son las consignas. Su silueta, con una elegancia intemporal y las l\u00edneas armoniosas de su vag\u00f3n corredizo, van de la mano con grandes espacios para crear un universo libre de compromisos, en el que el espacio es un verdadero lujo.<\/p>\n","protected":false},"excerpt":{"rendered":"<p>El SEVENTY 8, el nuevo buque insignia, est\u00e1 haciendo su gran entrada en Lagoon. Este yate, de m\u00e1s de 24 metros de longitud, dise\u00f1ado por los grandes nombres de la arquitectura naval, VPLP, Patrick Le Qu\u00e9ment y Nauta Design, marca la entrada al mundo de los yates de motor, en el que el lujo y &hellip;<\/p>\n<p class=\"read-more\"> <a class=\"\" href=\"https:\/\/oceanic.gomd.cl\/dev\/embarcacion\/lagoon-seventy8\/\"> <span class=\"screen-reader-text\">Lagoon Seventy8<\/span> Read More &raquo;<\/a><\/p>\n","protected":false},"featured_media":1123,"comment_status":"open","ping_status":"closed","template":"","meta":[],"product_cat":[82,22,44],"product_tag":[80],"class_list":["post-1122","product","type-product","status-publish","has-post-thumbnail","hentry","product_cat-catamaran","product_cat-motor","product_cat-nuevo","product_tag-lagoon"],"_links":{"self":[{"href":"https:\/\/oceanic.gomd.cl\/dev\/wp-json\/wp\/v2\/product\/1122","targetHints":{"allow":["GET"]}}],"collection":[{"href":"https:\/\/oceanic.gomd.cl\/dev\/wp-json\/wp\/v2\/product"}],"about":[{"href":"https:\/\/oceanic.gomd.cl\/dev\/wp-json\/wp\/v2\/types\/product"}],"replies":[{"embeddable":true,"href":"https:\/\/oceanic.gomd.cl\/dev\/wp-json\/wp\/v2\/comments?post=1122"}],"wp:featuredmedia":[{"embeddable":true,"href":"https:\/\/oceanic.gomd.cl\/dev\/wp-json\/wp\/v2\/media\/1123"}],"wp:attachment":[{"href":"https:\/\/oceanic.gomd.cl\/dev\/wp-json\/wp\/v2\/media?parent=1122"}],"wp:term":[{"taxonomy":"product_cat","embeddable":true,"href":"https:\/\/oceanic.gomd.cl\/dev\/wp-json\/wp\/v2\/product_cat?post=1122"},{"taxonomy":"product_tag","embeddable":true,"href":"https:\/\/oceanic.gomd.cl\/dev\/wp-json\/wp\/v2\/product_tag?post=1122"}],"curies":[{"name":"wp","href":"https:\/\/api.w.org\/{rel}","templated":true}]}}