{"id":1155,"date":"2021-07-30T09:45:20","date_gmt":"2021-07-30T13:45:20","guid":{"rendered":"https:\/\/oceanic.gomd.cl\/dev\/?post_type=product&#038;p=1155"},"modified":"2021-08-09T15:29:02","modified_gmt":"2021-08-09T19:29:02","slug":"vx-one","status":"publish","type":"product","link":"https:\/\/oceanic.gomd.cl\/dev\/embarcacion\/vx-one\/","title":{"rendered":"VX ONE"},"content":{"rendered":"<p>Disfrute del desaf\u00edo de las regatas de flota One Design y reviva el sue\u00f1o.<\/p>\n<p>El VX One es un nuevo y excitante dise\u00f1o One Design para tripulaciones de dos o tres. El VX One ofrece a todos, desde novatos hasta experimentados navegantes, la posibilidad de disfrutar de una navegaci\u00f3n deportiva y entretenida en un velero durable, t\u00e9cnicamente avanzado, a un precio muy realista y alcanzable.<\/p>\n","protected":false},"excerpt":{"rendered":"<p>Disfrute del desaf\u00edo de las regatas de flota One Design y reviva el sue\u00f1o. El VX One es un nuevo y excitante dise\u00f1o One Design para tripulaciones de dos o tres. El VX One ofrece a todos, desde novatos hasta experimentados navegantes, la posibilidad de disfrutar de una navegaci\u00f3n deportiva y entretenida en un velero &hellip;<\/p>\n<p class=\"read-more\"> <a class=\"\" href=\"https:\/\/oceanic.gomd.cl\/dev\/embarcacion\/vx-one\/\"> <span class=\"screen-reader-text\">VX ONE<\/span> Read More &raquo;<\/a><\/p>\n","protected":false},"featured_media":1156,"comment_status":"open","ping_status":"closed","template":"","meta":[],"product_cat":[84,44,23],"product_tag":[125],"class_list":["post-1155","product","type-product","status-publish","has-post-thumbnail","hentry","product_cat-monocasco","product_cat-nuevo","product_cat-vela","product_tag-vx-one"],"_links":{"self":[{"href":"https:\/\/oceanic.gomd.cl\/dev\/wp-json\/wp\/v2\/product\/1155","targetHints":{"allow":["GET"]}}],"collection":[{"href":"https:\/\/oceanic.gomd.cl\/dev\/wp-json\/wp\/v2\/product"}],"about":[{"href":"https:\/\/oceanic.gomd.cl\/dev\/wp-json\/wp\/v2\/types\/product"}],"replies":[{"embeddable":true,"href":"https:\/\/oceanic.gomd.cl\/dev\/wp-json\/wp\/v2\/comments?post=1155"}],"wp:featuredmedia":[{"embeddable":true,"href":"https:\/\/oceanic.gomd.cl\/dev\/wp-json\/wp\/v2\/media\/1156"}],"wp:attachment":[{"href":"https:\/\/oceanic.gomd.cl\/dev\/wp-json\/wp\/v2\/media?parent=1155"}],"wp:term":[{"taxonomy":"product_cat","embeddable":true,"href":"https:\/\/oceanic.gomd.cl\/dev\/wp-json\/wp\/v2\/product_cat?post=1155"},{"taxonomy":"product_tag","embeddable":true,"href":"https:\/\/oceanic.gomd.cl\/dev\/wp-json\/wp\/v2\/product_tag?post=1155"}],"curies":[{"name":"wp","href":"https:\/\/api.w.org\/{rel}","templated":true}]}}