{"id":1158,"date":"2021-07-30T10:21:37","date_gmt":"2021-07-30T14:21:37","guid":{"rendered":"https:\/\/oceanic.gomd.cl\/dev\/?post_type=product&#038;p=1158"},"modified":"2021-08-09T15:27:24","modified_gmt":"2021-08-09T19:27:24","slug":"lagoon-450s","status":"publish","type":"product","link":"https:\/\/oceanic.gomd.cl\/dev\/embarcacion\/lagoon-450s\/","title":{"rendered":"Lagoon 450S"},"content":{"rendered":"<p>La versi\u00f3n SporTop del 450 permite a los navegantes que lo deseen disfrutar de la comodidad de un catamar\u00e1n de 45 pies en una versi\u00f3n m\u00e1s convencional, con un puesto de mando en mamparo en lugar del flybridge.<\/p>\n","protected":false},"excerpt":{"rendered":"<p>La versi\u00f3n SporTop del 450 permite a los navegantes que lo deseen disfrutar de la comodidad de un catamar\u00e1n de 45 pies en una versi\u00f3n m\u00e1s convencional, con un puesto de mando en mamparo en lugar del flybridge.<\/p>\n","protected":false},"featured_media":1159,"comment_status":"open","ping_status":"closed","template":"","meta":[],"product_cat":[82,44,23],"product_tag":[80],"class_list":["post-1158","product","type-product","status-publish","has-post-thumbnail","hentry","product_cat-catamaran","product_cat-nuevo","product_cat-vela","product_tag-lagoon"],"_links":{"self":[{"href":"https:\/\/oceanic.gomd.cl\/dev\/wp-json\/wp\/v2\/product\/1158","targetHints":{"allow":["GET"]}}],"collection":[{"href":"https:\/\/oceanic.gomd.cl\/dev\/wp-json\/wp\/v2\/product"}],"about":[{"href":"https:\/\/oceanic.gomd.cl\/dev\/wp-json\/wp\/v2\/types\/product"}],"replies":[{"embeddable":true,"href":"https:\/\/oceanic.gomd.cl\/dev\/wp-json\/wp\/v2\/comments?post=1158"}],"wp:featuredmedia":[{"embeddable":true,"href":"https:\/\/oceanic.gomd.cl\/dev\/wp-json\/wp\/v2\/media\/1159"}],"wp:attachment":[{"href":"https:\/\/oceanic.gomd.cl\/dev\/wp-json\/wp\/v2\/media?parent=1158"}],"wp:term":[{"taxonomy":"product_cat","embeddable":true,"href":"https:\/\/oceanic.gomd.cl\/dev\/wp-json\/wp\/v2\/product_cat?post=1158"},{"taxonomy":"product_tag","embeddable":true,"href":"https:\/\/oceanic.gomd.cl\/dev\/wp-json\/wp\/v2\/product_tag?post=1158"}],"curies":[{"name":"wp","href":"https:\/\/api.w.org\/{rel}","templated":true}]}}