{"id":1294,"date":"2021-08-02T14:05:23","date_gmt":"2021-08-02T18:05:23","guid":{"rendered":"https:\/\/oceanic.gomd.cl\/dev\/?post_type=product&#038;p=1294"},"modified":"2021-08-09T14:44:33","modified_gmt":"2021-08-09T18:44:33","slug":"swift-trawler-35","status":"publish","type":"product","link":"https:\/\/oceanic.gomd.cl\/dev\/embarcacion\/swift-trawler-35\/","title":{"rendered":"Swift Trawler 35"},"content":{"rendered":"<p>Un barco concebido para alta mar, a la vez seguro, confortable e ingenioso. Tanto por sus numerosas cualidades como por su tama\u00f1o, el <strong>Swift Trawler 35<\/strong> constituye una magn\u00edfica invitaci\u00f3n al gran viaje.<\/p>\n","protected":false},"excerpt":{"rendered":"<p>Un barco concebido para alta mar, a la vez seguro, confortable e ingenioso. Tanto por sus numerosas cualidades como por su tama\u00f1o, el Swift Trawler 35 constituye una magn\u00edfica invitaci\u00f3n al gran viaje.<\/p>\n","protected":false},"featured_media":1296,"comment_status":"open","ping_status":"closed","template":"","meta":[],"product_cat":[84,22,44],"product_tag":[41],"class_list":["post-1294","product","type-product","status-publish","has-post-thumbnail","hentry","product_cat-monocasco","product_cat-motor","product_cat-nuevo","product_tag-beneteau"],"_links":{"self":[{"href":"https:\/\/oceanic.gomd.cl\/dev\/wp-json\/wp\/v2\/product\/1294","targetHints":{"allow":["GET"]}}],"collection":[{"href":"https:\/\/oceanic.gomd.cl\/dev\/wp-json\/wp\/v2\/product"}],"about":[{"href":"https:\/\/oceanic.gomd.cl\/dev\/wp-json\/wp\/v2\/types\/product"}],"replies":[{"embeddable":true,"href":"https:\/\/oceanic.gomd.cl\/dev\/wp-json\/wp\/v2\/comments?post=1294"}],"wp:featuredmedia":[{"embeddable":true,"href":"https:\/\/oceanic.gomd.cl\/dev\/wp-json\/wp\/v2\/media\/1296"}],"wp:attachment":[{"href":"https:\/\/oceanic.gomd.cl\/dev\/wp-json\/wp\/v2\/media?parent=1294"}],"wp:term":[{"taxonomy":"product_cat","embeddable":true,"href":"https:\/\/oceanic.gomd.cl\/dev\/wp-json\/wp\/v2\/product_cat?post=1294"},{"taxonomy":"product_tag","embeddable":true,"href":"https:\/\/oceanic.gomd.cl\/dev\/wp-json\/wp\/v2\/product_tag?post=1294"}],"curies":[{"name":"wp","href":"https:\/\/api.w.org\/{rel}","templated":true}]}}