{"id":1327,"date":"2021-08-02T14:28:48","date_gmt":"2021-08-02T18:28:48","guid":{"rendered":"https:\/\/oceanic.gomd.cl\/dev\/?post_type=product&#038;p=1327"},"modified":"2021-08-09T14:39:33","modified_gmt":"2021-08-09T18:39:33","slug":"flyer-8-sundeck","status":"publish","type":"product","link":"https:\/\/oceanic.gomd.cl\/dev\/embarcacion\/flyer-8-sundeck\/","title":{"rendered":"Flyer 8 Sundeck"},"content":{"rendered":"<p>El Flyer 8 SUNdeck excede a los est\u00e1ndares habituales del day-boat conjugando confort, espacios disponibles y sensaciones. Su dise\u00f1o super optimizado hace de \u00e9l, el colaborador ideal de las escapadas del fin de semana. Su amplio sun deck albergando un bello camarote doble apela al farniente y al descanso.<\/p>\n","protected":false},"excerpt":{"rendered":"<p>El Flyer 8 SUNdeck excede a los est\u00e1ndares habituales del day-boat conjugando confort, espacios disponibles y sensaciones. Su dise\u00f1o super optimizado hace de \u00e9l, el colaborador ideal de las escapadas del fin de semana. Su amplio sun deck albergando un bello camarote doble apela al farniente y al descanso.<\/p>\n","protected":false},"featured_media":1329,"comment_status":"open","ping_status":"closed","template":"","meta":[],"product_cat":[84,22,44],"product_tag":[41],"class_list":["post-1327","product","type-product","status-publish","has-post-thumbnail","hentry","product_cat-monocasco","product_cat-motor","product_cat-nuevo","product_tag-beneteau"],"_links":{"self":[{"href":"https:\/\/oceanic.gomd.cl\/dev\/wp-json\/wp\/v2\/product\/1327","targetHints":{"allow":["GET"]}}],"collection":[{"href":"https:\/\/oceanic.gomd.cl\/dev\/wp-json\/wp\/v2\/product"}],"about":[{"href":"https:\/\/oceanic.gomd.cl\/dev\/wp-json\/wp\/v2\/types\/product"}],"replies":[{"embeddable":true,"href":"https:\/\/oceanic.gomd.cl\/dev\/wp-json\/wp\/v2\/comments?post=1327"}],"wp:featuredmedia":[{"embeddable":true,"href":"https:\/\/oceanic.gomd.cl\/dev\/wp-json\/wp\/v2\/media\/1329"}],"wp:attachment":[{"href":"https:\/\/oceanic.gomd.cl\/dev\/wp-json\/wp\/v2\/media?parent=1327"}],"wp:term":[{"taxonomy":"product_cat","embeddable":true,"href":"https:\/\/oceanic.gomd.cl\/dev\/wp-json\/wp\/v2\/product_cat?post=1327"},{"taxonomy":"product_tag","embeddable":true,"href":"https:\/\/oceanic.gomd.cl\/dev\/wp-json\/wp\/v2\/product_tag?post=1327"}],"curies":[{"name":"wp","href":"https:\/\/api.w.org\/{rel}","templated":true}]}}