{"id":1342,"date":"2021-08-02T14:55:31","date_gmt":"2021-08-02T18:55:31","guid":{"rendered":"https:\/\/oceanic.gomd.cl\/dev\/?post_type=product&#038;p=1342"},"modified":"2021-08-09T14:38:04","modified_gmt":"2021-08-09T18:38:04","slug":"flyer-8-spacedeck","status":"publish","type":"product","link":"https:\/\/oceanic.gomd.cl\/dev\/embarcacion\/flyer-8-spacedeck\/","title":{"rendered":"Flyer 8 Spacedeck"},"content":{"rendered":"<div class=\"field-item even field-item-bundle-wysiwyg field-item-3\">\n<div class=\"field-item-inner\">\n<div class=\"entity entity-paragraphs-item paragraphs-item-wysiwyg\">\n<div class=\"content\">\n<div class=\"group-wrapper field-group-div_background_image\">\n<div class=\"field field-name-field-longtext field-type-text-long field-label-hidden\">\n<div class=\"field-items items-count-1\">\n<div class=\"field-item even field-item-1\">\n<div class=\"field-item-inner\">\n<p class=\"quote-black\">F\u00e1cil para vivir y para navegar, el <strong>Flyer 8 SPACEdeck<\/strong> sorprende por la impresi\u00f3n de espacio a bordo. Homologado para acoger 10 pasajeros, se presta f\u00e1cilmente a todos los programas de navegaci\u00f3n de la jornada : ba\u00f1o, picnic a bordo, deportes n\u00e1uticos o partidas de pesca.<\/p>\n<\/div>\n<\/div>\n<\/div>\n<\/div>\n<\/div>\n<\/div>\n<\/div>\n<\/div>\n<\/div>\n","protected":false},"excerpt":{"rendered":"<p>F\u00e1cil para vivir y para navegar, el Flyer 8 SPACEdeck sorprende por la impresi\u00f3n de espacio a bordo. Homologado para acoger 10 pasajeros, se presta f\u00e1cilmente a todos los programas de navegaci\u00f3n de la jornada : ba\u00f1o, picnic a bordo, deportes n\u00e1uticos o partidas de pesca.<\/p>\n","protected":false},"featured_media":1344,"comment_status":"open","ping_status":"closed","template":"","meta":[],"product_cat":[84,22,44],"product_tag":[41],"class_list":["post-1342","product","type-product","status-publish","has-post-thumbnail","hentry","product_cat-monocasco","product_cat-motor","product_cat-nuevo","product_tag-beneteau"],"_links":{"self":[{"href":"https:\/\/oceanic.gomd.cl\/dev\/wp-json\/wp\/v2\/product\/1342","targetHints":{"allow":["GET"]}}],"collection":[{"href":"https:\/\/oceanic.gomd.cl\/dev\/wp-json\/wp\/v2\/product"}],"about":[{"href":"https:\/\/oceanic.gomd.cl\/dev\/wp-json\/wp\/v2\/types\/product"}],"replies":[{"embeddable":true,"href":"https:\/\/oceanic.gomd.cl\/dev\/wp-json\/wp\/v2\/comments?post=1342"}],"wp:featuredmedia":[{"embeddable":true,"href":"https:\/\/oceanic.gomd.cl\/dev\/wp-json\/wp\/v2\/media\/1344"}],"wp:attachment":[{"href":"https:\/\/oceanic.gomd.cl\/dev\/wp-json\/wp\/v2\/media?parent=1342"}],"wp:term":[{"taxonomy":"product_cat","embeddable":true,"href":"https:\/\/oceanic.gomd.cl\/dev\/wp-json\/wp\/v2\/product_cat?post=1342"},{"taxonomy":"product_tag","embeddable":true,"href":"https:\/\/oceanic.gomd.cl\/dev\/wp-json\/wp\/v2\/product_tag?post=1342"}],"curies":[{"name":"wp","href":"https:\/\/api.w.org\/{rel}","templated":true}]}}