{"id":1372,"date":"2021-08-03T13:46:48","date_gmt":"2021-08-03T17:46:48","guid":{"rendered":"https:\/\/oceanic.gomd.cl\/dev\/?post_type=product&#038;p=1372"},"modified":"2021-08-09T14:30:41","modified_gmt":"2021-08-09T18:30:41","slug":"antares-11-fly","status":"publish","type":"product","link":"https:\/\/oceanic.gomd.cl\/dev\/embarcacion\/antares-11-fly\/","title":{"rendered":"Antares 11 Fly"},"content":{"rendered":"<div class=\"field-item even field-item-bundle-wysiwyg field-item-3\">\n<div class=\"field-item-inner\">\n<div class=\"entity entity-paragraphs-item paragraphs-item-wysiwyg\">\n<div class=\"content\">\n<div class=\"group-wrapper field-group-div_background_image\">\n<div class=\"field field-name-field-longtext field-type-text-long field-label-hidden\">\n<div class=\"field-items items-count-1\">\n<div class=\"field-item even field-item-1\">\n<div class=\"field-item-inner\">\n<p class=\"quote-black\">Con sus\u00a011 metros\u00a0de eslora total, el almirante de la gama Antares es el Family cruiser por excelencia. Este barco de dise\u00f1o contempor\u00e1neo, pone el acento en los vol\u00famenes, el confort y la seguridad.<br \/>\nCon el flybridge perfectamente integrado a su silueta, el <strong>Antares 11 FLY<\/strong> permite disfrutar plenamente de los placeres de la navegaci\u00f3n en el exterior.<\/p>\n<\/div>\n<\/div>\n<\/div>\n<\/div>\n<\/div>\n<\/div>\n<\/div>\n<\/div>\n<\/div>\n","protected":false},"excerpt":{"rendered":"<p>Con sus\u00a011 metros\u00a0de eslora total, el almirante de la gama Antares es el Family cruiser por excelencia. Este barco de dise\u00f1o contempor\u00e1neo, pone el acento en los vol\u00famenes, el confort y la seguridad. Con el flybridge perfectamente integrado a su silueta, el Antares 11 FLY permite disfrutar plenamente de los placeres de la navegaci\u00f3n en &hellip;<\/p>\n<p class=\"read-more\"> <a class=\"\" href=\"https:\/\/oceanic.gomd.cl\/dev\/embarcacion\/antares-11-fly\/\"> <span class=\"screen-reader-text\">Antares 11 Fly<\/span> Read More &raquo;<\/a><\/p>\n","protected":false},"featured_media":1374,"comment_status":"open","ping_status":"closed","template":"","meta":[],"product_cat":[84,22,44],"product_tag":[41],"class_list":["post-1372","product","type-product","status-publish","has-post-thumbnail","hentry","product_cat-monocasco","product_cat-motor","product_cat-nuevo","product_tag-beneteau"],"_links":{"self":[{"href":"https:\/\/oceanic.gomd.cl\/dev\/wp-json\/wp\/v2\/product\/1372","targetHints":{"allow":["GET"]}}],"collection":[{"href":"https:\/\/oceanic.gomd.cl\/dev\/wp-json\/wp\/v2\/product"}],"about":[{"href":"https:\/\/oceanic.gomd.cl\/dev\/wp-json\/wp\/v2\/types\/product"}],"replies":[{"embeddable":true,"href":"https:\/\/oceanic.gomd.cl\/dev\/wp-json\/wp\/v2\/comments?post=1372"}],"wp:featuredmedia":[{"embeddable":true,"href":"https:\/\/oceanic.gomd.cl\/dev\/wp-json\/wp\/v2\/media\/1374"}],"wp:attachment":[{"href":"https:\/\/oceanic.gomd.cl\/dev\/wp-json\/wp\/v2\/media?parent=1372"}],"wp:term":[{"taxonomy":"product_cat","embeddable":true,"href":"https:\/\/oceanic.gomd.cl\/dev\/wp-json\/wp\/v2\/product_cat?post=1372"},{"taxonomy":"product_tag","embeddable":true,"href":"https:\/\/oceanic.gomd.cl\/dev\/wp-json\/wp\/v2\/product_tag?post=1372"}],"curies":[{"name":"wp","href":"https:\/\/api.w.org\/{rel}","templated":true}]}}