{"id":1386,"date":"2021-08-03T14:01:52","date_gmt":"2021-08-03T18:01:52","guid":{"rendered":"https:\/\/oceanic.gomd.cl\/dev\/?post_type=product&#038;p=1386"},"modified":"2021-08-09T14:25:58","modified_gmt":"2021-08-09T18:25:58","slug":"antares-9","status":"publish","type":"product","link":"https:\/\/oceanic.gomd.cl\/dev\/embarcacion\/antares-9\/","title":{"rendered":"Antares 9"},"content":{"rendered":"<div class=\"field-item even field-item-bundle-wysiwyg field-item-3\">\n<div class=\"field-item-inner\">\n<div class=\"entity entity-paragraphs-item paragraphs-item-wysiwyg\">\n<div class=\"content\">\n<div class=\"group-wrapper field-group-div_background_image\">\n<div class=\"field field-name-field-longtext field-type-text-long field-label-hidden\">\n<div class=\"field-items items-count-1\">\n<div class=\"field-item even field-item-1\">\n<div class=\"field-item-inner\">\n<p class=\"quote-black\">Es el weekender por excelencia! Con un sentido innato del detalle y del confort, el <strong>Antares 9<\/strong> invita a prolongar las salidas en el mar. Moderno y con clase, perpet\u00faa la tradici\u00f3n de elegancia de una gama hist\u00f3rica. Autonom\u00eda, habitabilidad, refinamiento: todo est\u00e1 reunido para vivir en gran clase el peque\u00f1o crucero.<\/p>\n<\/div>\n<\/div>\n<\/div>\n<\/div>\n<\/div>\n<\/div>\n<\/div>\n<\/div>\n<\/div>\n","protected":false},"excerpt":{"rendered":"<p>Es el weekender por excelencia! Con un sentido innato del detalle y del confort, el Antares 9 invita a prolongar las salidas en el mar. Moderno y con clase, perpet\u00faa la tradici\u00f3n de elegancia de una gama hist\u00f3rica. Autonom\u00eda, habitabilidad, refinamiento: todo est\u00e1 reunido para vivir en gran clase el peque\u00f1o crucero.<\/p>\n","protected":false},"featured_media":1388,"comment_status":"open","ping_status":"closed","template":"","meta":[],"product_cat":[84,22,44],"product_tag":[41],"class_list":["post-1386","product","type-product","status-publish","has-post-thumbnail","hentry","product_cat-monocasco","product_cat-motor","product_cat-nuevo","product_tag-beneteau"],"_links":{"self":[{"href":"https:\/\/oceanic.gomd.cl\/dev\/wp-json\/wp\/v2\/product\/1386","targetHints":{"allow":["GET"]}}],"collection":[{"href":"https:\/\/oceanic.gomd.cl\/dev\/wp-json\/wp\/v2\/product"}],"about":[{"href":"https:\/\/oceanic.gomd.cl\/dev\/wp-json\/wp\/v2\/types\/product"}],"replies":[{"embeddable":true,"href":"https:\/\/oceanic.gomd.cl\/dev\/wp-json\/wp\/v2\/comments?post=1386"}],"wp:featuredmedia":[{"embeddable":true,"href":"https:\/\/oceanic.gomd.cl\/dev\/wp-json\/wp\/v2\/media\/1388"}],"wp:attachment":[{"href":"https:\/\/oceanic.gomd.cl\/dev\/wp-json\/wp\/v2\/media?parent=1386"}],"wp:term":[{"taxonomy":"product_cat","embeddable":true,"href":"https:\/\/oceanic.gomd.cl\/dev\/wp-json\/wp\/v2\/product_cat?post=1386"},{"taxonomy":"product_tag","embeddable":true,"href":"https:\/\/oceanic.gomd.cl\/dev\/wp-json\/wp\/v2\/product_tag?post=1386"}],"curies":[{"name":"wp","href":"https:\/\/api.w.org\/{rel}","templated":true}]}}