{"id":1396,"date":"2021-08-03T14:16:57","date_gmt":"2021-08-03T18:16:57","guid":{"rendered":"https:\/\/oceanic.gomd.cl\/dev\/?post_type=product&#038;p=1396"},"modified":"2021-08-09T14:24:42","modified_gmt":"2021-08-09T18:24:42","slug":"antares-8","status":"publish","type":"product","link":"https:\/\/oceanic.gomd.cl\/dev\/embarcacion\/antares-8\/","title":{"rendered":"Antares 8"},"content":{"rendered":"<div class=\"field-item even field-item-bundle-wysiwyg field-item-3\">\n<div class=\"field-item-inner\">\n<div class=\"entity entity-paragraphs-item paragraphs-item-wysiwyg\">\n<div class=\"content\">\n<div class=\"group-wrapper field-group-div_background_image\">\n<div class=\"field field-name-field-longtext field-type-text-long field-label-hidden\">\n<div class=\"field-items items-count-1\">\n<div class=\"field-item even field-item-1\">\n<div class=\"field-item-inner\">\n<p class=\"quote-black\">\u00c1gil, potente y ampliamente habitable, el <strong>Antares 8<\/strong> posee car\u00e1cter. Barco de descubrimiento de la navegaci\u00f3n de recreo por excelencia, se presta de maravilla a las escapadas de varios d\u00edas de la forma m\u00e1s segura.<\/p>\n<\/div>\n<\/div>\n<\/div>\n<\/div>\n<\/div>\n<\/div>\n<\/div>\n<\/div>\n<\/div>\n","protected":false},"excerpt":{"rendered":"<p>\u00c1gil, potente y ampliamente habitable, el Antares 8 posee car\u00e1cter. Barco de descubrimiento de la navegaci\u00f3n de recreo por excelencia, se presta de maravilla a las escapadas de varios d\u00edas de la forma m\u00e1s segura.<\/p>\n","protected":false},"featured_media":1397,"comment_status":"open","ping_status":"closed","template":"","meta":[],"product_cat":[84,22,44],"product_tag":[41],"class_list":["post-1396","product","type-product","status-publish","has-post-thumbnail","hentry","product_cat-monocasco","product_cat-motor","product_cat-nuevo","product_tag-beneteau"],"_links":{"self":[{"href":"https:\/\/oceanic.gomd.cl\/dev\/wp-json\/wp\/v2\/product\/1396","targetHints":{"allow":["GET"]}}],"collection":[{"href":"https:\/\/oceanic.gomd.cl\/dev\/wp-json\/wp\/v2\/product"}],"about":[{"href":"https:\/\/oceanic.gomd.cl\/dev\/wp-json\/wp\/v2\/types\/product"}],"replies":[{"embeddable":true,"href":"https:\/\/oceanic.gomd.cl\/dev\/wp-json\/wp\/v2\/comments?post=1396"}],"wp:featuredmedia":[{"embeddable":true,"href":"https:\/\/oceanic.gomd.cl\/dev\/wp-json\/wp\/v2\/media\/1397"}],"wp:attachment":[{"href":"https:\/\/oceanic.gomd.cl\/dev\/wp-json\/wp\/v2\/media?parent=1396"}],"wp:term":[{"taxonomy":"product_cat","embeddable":true,"href":"https:\/\/oceanic.gomd.cl\/dev\/wp-json\/wp\/v2\/product_cat?post=1396"},{"taxonomy":"product_tag","embeddable":true,"href":"https:\/\/oceanic.gomd.cl\/dev\/wp-json\/wp\/v2\/product_tag?post=1396"}],"curies":[{"name":"wp","href":"https:\/\/api.w.org\/{rel}","templated":true}]}}