{"id":1399,"date":"2021-08-03T14:25:17","date_gmt":"2021-08-03T18:25:17","guid":{"rendered":"https:\/\/oceanic.gomd.cl\/dev\/?post_type=product&#038;p=1399"},"modified":"2021-08-09T14:23:21","modified_gmt":"2021-08-09T18:23:21","slug":"antares-7","status":"publish","type":"product","link":"https:\/\/oceanic.gomd.cl\/dev\/embarcacion\/antares-7\/","title":{"rendered":"Antares 7"},"content":{"rendered":"<div class=\"field-item even field-item-bundle-wysiwyg field-item-3\">\n<div class=\"field-item-inner\">\n<div class=\"entity entity-paragraphs-item paragraphs-item-wysiwyg\">\n<div class=\"content\">\n<div class=\"group-wrapper field-group-div_background_image\">\n<div class=\"field field-name-field-longtext field-type-text-long field-label-hidden\">\n<div class=\"field-items items-count-1\">\n<div class=\"field-item even field-item-1\">\n<div class=\"field-item-inner\">\n<p class=\"quote-black\">Intemporal, el \u00faltimo Antares 7 se afianza en los tres valores fundadores de esta gama hist\u00f3rica : la seguridad, la sencillez y la habitabilidad. Valor seguro concebido para el descubrimiento de los peque\u00f1os cruceros costeros, el <strong>Antares 7<\/strong> es remolcable.<\/p>\n<\/div>\n<\/div>\n<\/div>\n<\/div>\n<\/div>\n<\/div>\n<\/div>\n<\/div>\n<\/div>\n","protected":false},"excerpt":{"rendered":"<p>Intemporal, el \u00faltimo Antares 7 se afianza en los tres valores fundadores de esta gama hist\u00f3rica : la seguridad, la sencillez y la habitabilidad. Valor seguro concebido para el descubrimiento de los peque\u00f1os cruceros costeros, el Antares 7 es remolcable.<\/p>\n","protected":false},"featured_media":1400,"comment_status":"open","ping_status":"closed","template":"","meta":[],"product_cat":[84,22,44],"product_tag":[41],"class_list":["post-1399","product","type-product","status-publish","has-post-thumbnail","hentry","product_cat-monocasco","product_cat-motor","product_cat-nuevo","product_tag-beneteau"],"_links":{"self":[{"href":"https:\/\/oceanic.gomd.cl\/dev\/wp-json\/wp\/v2\/product\/1399","targetHints":{"allow":["GET"]}}],"collection":[{"href":"https:\/\/oceanic.gomd.cl\/dev\/wp-json\/wp\/v2\/product"}],"about":[{"href":"https:\/\/oceanic.gomd.cl\/dev\/wp-json\/wp\/v2\/types\/product"}],"replies":[{"embeddable":true,"href":"https:\/\/oceanic.gomd.cl\/dev\/wp-json\/wp\/v2\/comments?post=1399"}],"wp:featuredmedia":[{"embeddable":true,"href":"https:\/\/oceanic.gomd.cl\/dev\/wp-json\/wp\/v2\/media\/1400"}],"wp:attachment":[{"href":"https:\/\/oceanic.gomd.cl\/dev\/wp-json\/wp\/v2\/media?parent=1399"}],"wp:term":[{"taxonomy":"product_cat","embeddable":true,"href":"https:\/\/oceanic.gomd.cl\/dev\/wp-json\/wp\/v2\/product_cat?post=1399"},{"taxonomy":"product_tag","embeddable":true,"href":"https:\/\/oceanic.gomd.cl\/dev\/wp-json\/wp\/v2\/product_tag?post=1399"}],"curies":[{"name":"wp","href":"https:\/\/api.w.org\/{rel}","templated":true}]}}