{"id":1449,"date":"2021-08-05T10:29:19","date_gmt":"2021-08-05T14:29:19","guid":{"rendered":"https:\/\/oceanic.gomd.cl\/dev\/?post_type=product&#038;p=1449"},"modified":"2021-08-10T13:23:17","modified_gmt":"2021-08-10T17:23:17","slug":"lagoon-40-2","status":"publish","type":"product","link":"https:\/\/oceanic.gomd.cl\/dev\/embarcacion\/lagoon-40-2\/","title":{"rendered":"Lagoon 40"},"content":{"rendered":"<p>LAGOON 40<br \/>\nMarca: Lagoon Catamaran<br \/>\nModelo: Lagoon 40<br \/>\nA\u00f1o: 2019<\/p>\n<ul>\n<li>3 Cabinas<\/li>\n<li>Motor 2 x 45 HP Yanmar<\/li>\n<li>Control Remoto Windlass y contador de cadena<\/li>\n<li>Bimini + Cierres<\/li>\n<li>Piso de Teka en cockpit<\/li>\n<li>H\u00e9lices 3 Palas<\/li>\n<li>Generador<\/li>\n<li>Inverter<\/li>\n<li>Paneles Solares<\/li>\n<li>Desalinizador<\/li>\n<li>Ba\u00f1os El\u00e9ctricos<\/li>\n<li>Freezer 90L<\/li>\n<li>Microondas con grill<\/li>\n<li>Calefacci\u00f3n<\/li>\n<li>Posibilidad de hacer cama el sal\u00f3n<\/li>\n<li>Equips B&amp;G: Dislpay Zeus3 12\u201d x 2 + AIS 500 + Radar 4G +<\/li>\n<li>Forward Scan + Piloto Autom\u00e1tico + VHF V60 + Handset H60<\/li>\n<li>TV Led 32\u201d<\/li>\n<li>Dinghy CL290 Gris con Motor Honda 10HP<\/li>\n<li>Mooring Kit<\/li>\n<\/ul>\n<p>*Imagenes interiores referenciales<\/p>\n","protected":false},"excerpt":{"rendered":"<p>LAGOON 40 Marca: Lagoon Catamaran Modelo: Lagoon 40 A\u00f1o: 2019 3 Cabinas Motor 2 x 45 HP Yanmar Control Remoto Windlass y contador de cadena Bimini + Cierres Piso de Teka en cockpit H\u00e9lices 3 Palas Generador Inverter Paneles Solares Desalinizador Ba\u00f1os El\u00e9ctricos Freezer 90L Microondas con grill Calefacci\u00f3n Posibilidad de hacer cama el sal\u00f3n &hellip;<\/p>\n<p class=\"read-more\"> <a class=\"\" href=\"https:\/\/oceanic.gomd.cl\/dev\/embarcacion\/lagoon-40-2\/\"> <span class=\"screen-reader-text\">Lagoon 40<\/span> Read More &raquo;<\/a><\/p>\n","protected":false},"featured_media":1456,"comment_status":"open","ping_status":"closed","template":"","meta":[],"product_cat":[82,45,23],"product_tag":[80],"class_list":["post-1449","product","type-product","status-publish","has-post-thumbnail","hentry","product_cat-catamaran","product_cat-usado","product_cat-vela","product_tag-lagoon"],"_links":{"self":[{"href":"https:\/\/oceanic.gomd.cl\/dev\/wp-json\/wp\/v2\/product\/1449","targetHints":{"allow":["GET"]}}],"collection":[{"href":"https:\/\/oceanic.gomd.cl\/dev\/wp-json\/wp\/v2\/product"}],"about":[{"href":"https:\/\/oceanic.gomd.cl\/dev\/wp-json\/wp\/v2\/types\/product"}],"replies":[{"embeddable":true,"href":"https:\/\/oceanic.gomd.cl\/dev\/wp-json\/wp\/v2\/comments?post=1449"}],"wp:featuredmedia":[{"embeddable":true,"href":"https:\/\/oceanic.gomd.cl\/dev\/wp-json\/wp\/v2\/media\/1456"}],"wp:attachment":[{"href":"https:\/\/oceanic.gomd.cl\/dev\/wp-json\/wp\/v2\/media?parent=1449"}],"wp:term":[{"taxonomy":"product_cat","embeddable":true,"href":"https:\/\/oceanic.gomd.cl\/dev\/wp-json\/wp\/v2\/product_cat?post=1449"},{"taxonomy":"product_tag","embeddable":true,"href":"https:\/\/oceanic.gomd.cl\/dev\/wp-json\/wp\/v2\/product_tag?post=1449"}],"curies":[{"name":"wp","href":"https:\/\/api.w.org\/{rel}","templated":true}]}}