{"id":1470,"date":"2021-08-05T14:48:36","date_gmt":"2021-08-05T18:48:36","guid":{"rendered":"https:\/\/oceanic.gomd.cl\/dev\/?post_type=product&#038;p=1470"},"modified":"2021-08-10T13:21:37","modified_gmt":"2021-08-10T17:21:37","slug":"nautor-441","status":"publish","type":"product","link":"https:\/\/oceanic.gomd.cl\/dev\/embarcacion\/nautor-441\/","title":{"rendered":"Nautor 441"},"content":{"rendered":"<p>MARCA: Swan<br \/>\nModelo: Nautor 441<br \/>\nA\u00f1o 1979 + Mejoras 2013<\/p>\n<ul>\n<li>2 cabinas y 2 ba\u00f1os<\/li>\n<li>Salon central para 4 personas<\/li>\n<li>Calefacci\u00f3n Webasto<\/li>\n<li>Refrigerador<\/li>\n<li>Dinghy con motor<\/li>\n<li>Desalinizadora<\/li>\n<li>Bater\u00edas<\/li>\n<li>Guinche el\u00e9ctrico con cadena de 80 mts<\/li>\n<li>2 anclas<\/li>\n<li>Motor Yanmar 1800 horas<\/li>\n<li>Antifouling<\/li>\n<li>H\u00e9lice Max PRop Nueva<\/li>\n<li>Rigging Completo<\/li>\n<li>Electr\u00f3nica<\/li>\n<\/ul>\n","protected":false},"excerpt":{"rendered":"<p>MARCA: Swan Modelo: Nautor 441 A\u00f1o 1979 + Mejoras 2013 2 cabinas y 2 ba\u00f1os Salon central para 4 personas Calefacci\u00f3n Webasto Refrigerador Dinghy con motor Desalinizadora Bater\u00edas Guinche el\u00e9ctrico con cadena de 80 mts 2 anclas Motor Yanmar 1800 horas Antifouling H\u00e9lice Max PRop Nueva Rigging Completo Electr\u00f3nica<\/p>\n","protected":false},"featured_media":1471,"comment_status":"open","ping_status":"closed","template":"","meta":[],"product_cat":[84,45,23],"product_tag":[140],"class_list":["post-1470","product","type-product","status-publish","has-post-thumbnail","hentry","product_cat-monocasco","product_cat-usado","product_cat-vela","product_tag-equinoccio"],"_links":{"self":[{"href":"https:\/\/oceanic.gomd.cl\/dev\/wp-json\/wp\/v2\/product\/1470","targetHints":{"allow":["GET"]}}],"collection":[{"href":"https:\/\/oceanic.gomd.cl\/dev\/wp-json\/wp\/v2\/product"}],"about":[{"href":"https:\/\/oceanic.gomd.cl\/dev\/wp-json\/wp\/v2\/types\/product"}],"replies":[{"embeddable":true,"href":"https:\/\/oceanic.gomd.cl\/dev\/wp-json\/wp\/v2\/comments?post=1470"}],"wp:featuredmedia":[{"embeddable":true,"href":"https:\/\/oceanic.gomd.cl\/dev\/wp-json\/wp\/v2\/media\/1471"}],"wp:attachment":[{"href":"https:\/\/oceanic.gomd.cl\/dev\/wp-json\/wp\/v2\/media?parent=1470"}],"wp:term":[{"taxonomy":"product_cat","embeddable":true,"href":"https:\/\/oceanic.gomd.cl\/dev\/wp-json\/wp\/v2\/product_cat?post=1470"},{"taxonomy":"product_tag","embeddable":true,"href":"https:\/\/oceanic.gomd.cl\/dev\/wp-json\/wp\/v2\/product_tag?post=1470"}],"curies":[{"name":"wp","href":"https:\/\/api.w.org\/{rel}","templated":true}]}}