{"id":1474,"date":"2021-08-06T12:16:42","date_gmt":"2021-08-06T16:16:42","guid":{"rendered":"https:\/\/oceanic.gomd.cl\/dev\/?post_type=product&#038;p=1474"},"modified":"2021-08-10T13:19:53","modified_gmt":"2021-08-10T17:19:53","slug":"antares-8-8","status":"publish","type":"product","link":"https:\/\/oceanic.gomd.cl\/dev\/embarcacion\/antares-8-8\/","title":{"rendered":"Antares 8.8"},"content":{"rendered":"<p>Ubicaci\u00f3n: Per\u00fa<br \/>\nBeneteau Antares 8.8<br \/>\nFotos (Exterior, \u00c1reas sociales exteriores, \u00c1reas sociales interiores, cabinas)<\/p>\n<p><strong>Informaci\u00f3n:<\/strong><\/p>\n<ul>\n<li>Marca: Beneteau<\/li>\n<li>Modelo: Antares 8.8<\/li>\n<li>A\u00f1o: 2014<\/li>\n<li>Equipamiento:<\/li>\n<li>Motores: 02 x Yamaha 150 HP fuera de borda \/ 260H<\/li>\n<li>Camarotes: 02<\/li>\n<li>Ba\u00f1os: 01<\/li>\n<li>Electr\u00f3nica: Lowrance (01 Charplotter, Radar, GPS, Radar VHF, Winche para ancla el\u00e9ctrico)<\/li>\n<li>Aire acondicionado<\/li>\n<li>Entretenimiento: Equipo de M\u00fasica Kenwood con 02 parlantes Pioneer<\/li>\n<\/ul>\n","protected":false},"excerpt":{"rendered":"<p>Ubicaci\u00f3n: Per\u00fa Beneteau Antares 8.8 Fotos (Exterior, \u00c1reas sociales exteriores, \u00c1reas sociales interiores, cabinas) Informaci\u00f3n: Marca: Beneteau Modelo: Antares 8.8 A\u00f1o: 2014 Equipamiento: Motores: 02 x Yamaha 150 HP fuera de borda \/ 260H Camarotes: 02 Ba\u00f1os: 01 Electr\u00f3nica: Lowrance (01 Charplotter, Radar, GPS, Radar VHF, Winche para ancla el\u00e9ctrico) Aire acondicionado Entretenimiento: Equipo de &hellip;<\/p>\n<p class=\"read-more\"> <a class=\"\" href=\"https:\/\/oceanic.gomd.cl\/dev\/embarcacion\/antares-8-8\/\"> <span class=\"screen-reader-text\">Antares 8.8<\/span> Read More &raquo;<\/a><\/p>\n","protected":false},"featured_media":1475,"comment_status":"open","ping_status":"closed","template":"","meta":[],"product_cat":[84,22,45],"product_tag":[41],"class_list":["post-1474","product","type-product","status-publish","has-post-thumbnail","hentry","product_cat-monocasco","product_cat-motor","product_cat-usado","product_tag-beneteau"],"_links":{"self":[{"href":"https:\/\/oceanic.gomd.cl\/dev\/wp-json\/wp\/v2\/product\/1474","targetHints":{"allow":["GET"]}}],"collection":[{"href":"https:\/\/oceanic.gomd.cl\/dev\/wp-json\/wp\/v2\/product"}],"about":[{"href":"https:\/\/oceanic.gomd.cl\/dev\/wp-json\/wp\/v2\/types\/product"}],"replies":[{"embeddable":true,"href":"https:\/\/oceanic.gomd.cl\/dev\/wp-json\/wp\/v2\/comments?post=1474"}],"wp:featuredmedia":[{"embeddable":true,"href":"https:\/\/oceanic.gomd.cl\/dev\/wp-json\/wp\/v2\/media\/1475"}],"wp:attachment":[{"href":"https:\/\/oceanic.gomd.cl\/dev\/wp-json\/wp\/v2\/media?parent=1474"}],"wp:term":[{"taxonomy":"product_cat","embeddable":true,"href":"https:\/\/oceanic.gomd.cl\/dev\/wp-json\/wp\/v2\/product_cat?post=1474"},{"taxonomy":"product_tag","embeddable":true,"href":"https:\/\/oceanic.gomd.cl\/dev\/wp-json\/wp\/v2\/product_tag?post=1474"}],"curies":[{"name":"wp","href":"https:\/\/api.w.org\/{rel}","templated":true}]}}