{"id":1504,"date":"2021-08-10T12:10:04","date_gmt":"2021-08-10T16:10:04","guid":{"rendered":"https:\/\/oceanic.gomd.cl\/dev\/?post_type=product&#038;p=1504"},"modified":"2021-09-01T09:41:46","modified_gmt":"2021-09-01T13:41:46","slug":"beneteau-first-367","status":"publish","type":"product","link":"https:\/\/oceanic.gomd.cl\/dev\/embarcacion\/beneteau-first-367\/","title":{"rendered":"Beneteau First 36,7"},"content":{"rendered":"<p>Marca: Beneteau<br \/>\nModelo: First 36,7<br \/>\nA\u00f1o: 2006<\/p>\n<p><strong>Descripci\u00f3n<\/strong><\/p>\n<p>El Benetau First 36,7 es un yate dise\u00f1ado para desempe\u00f1ar sus opcones de barco r\u00e1pido y crucero s\u00f3lido y c\u00f3modo para nuestras aguas del pacifico sur .<br \/>\nCuenta con dos cuchetas a popa y una doble en proa , un ambiente central\u00a0 con mesa plegable , cocina con horno , lavadero y refrigerador de buen tama\u00f1o. Ba\u00f1o independiente. Mesa de cartas c\u00f3moda con panel el\u00e9ctrico y chartplotter de f\u00e1cil operaci\u00f3n.<br \/>\nMotor marca : VOLVO\u00a029 hp<br \/>\nBote de goma Reboin con motor fuera de borda Yamaha 5hp<br \/>\nEslora: 10.98 m<br \/>\nManga : 3.45 m<br \/>\nCalado : 2.2 m<br \/>\nPeso: 5.455 kgs.<br \/>\n3 Velas Mayor<br \/>\n2 Velas Genoa G1<br \/>\n2 Velas Genoa G2<br \/>\n2 Velas Genoa G3<br \/>\n4 Velas Spinnakers<br \/>\nJarcia M\u00f3vil<br \/>\n3 Raymarine 20\/20 en el m\u00e1stil inalambrico ( Multifunciones )<br \/>\n2 Raymarine en carrosa\u00a0 inalambrico ( Anem\u00f3metro, ecosonda, corredera )<br \/>\n1 Plotter interno en la mesa de navegaci\u00f3n B&amp;G<br \/>\n1 Piloto autom\u00e1tico Raymarine<br \/>\n1 VHF radio con DSC<br \/>\n1 Radio musica CD<br \/>\n1 Comp\u00e1s Magnetico<br \/>\n1 Windex<\/p>\n","protected":false},"excerpt":{"rendered":"<p>Marca: Beneteau Modelo: First 36,7 A\u00f1o: 2006 Descripci\u00f3n El Benetau First 36,7 es un yate dise\u00f1ado para desempe\u00f1ar sus opcones de barco r\u00e1pido y crucero s\u00f3lido y c\u00f3modo para nuestras aguas del pacifico sur . Cuenta con dos cuchetas a popa y una doble en proa , un ambiente central\u00a0 con mesa plegable , cocina &hellip;<\/p>\n<p class=\"read-more\"> <a class=\"\" href=\"https:\/\/oceanic.gomd.cl\/dev\/embarcacion\/beneteau-first-367\/\"> <span class=\"screen-reader-text\">Beneteau First 36,7<\/span> Read More &raquo;<\/a><\/p>\n","protected":false},"featured_media":1505,"comment_status":"open","ping_status":"closed","template":"","meta":[],"product_cat":[84,45,23],"product_tag":[41],"class_list":["post-1504","product","type-product","status-publish","has-post-thumbnail","hentry","product_cat-monocasco","product_cat-usado","product_cat-vela","product_tag-beneteau"],"_links":{"self":[{"href":"https:\/\/oceanic.gomd.cl\/dev\/wp-json\/wp\/v2\/product\/1504","targetHints":{"allow":["GET"]}}],"collection":[{"href":"https:\/\/oceanic.gomd.cl\/dev\/wp-json\/wp\/v2\/product"}],"about":[{"href":"https:\/\/oceanic.gomd.cl\/dev\/wp-json\/wp\/v2\/types\/product"}],"replies":[{"embeddable":true,"href":"https:\/\/oceanic.gomd.cl\/dev\/wp-json\/wp\/v2\/comments?post=1504"}],"wp:featuredmedia":[{"embeddable":true,"href":"https:\/\/oceanic.gomd.cl\/dev\/wp-json\/wp\/v2\/media\/1505"}],"wp:attachment":[{"href":"https:\/\/oceanic.gomd.cl\/dev\/wp-json\/wp\/v2\/media?parent=1504"}],"wp:term":[{"taxonomy":"product_cat","embeddable":true,"href":"https:\/\/oceanic.gomd.cl\/dev\/wp-json\/wp\/v2\/product_cat?post=1504"},{"taxonomy":"product_tag","embeddable":true,"href":"https:\/\/oceanic.gomd.cl\/dev\/wp-json\/wp\/v2\/product_tag?post=1504"}],"curies":[{"name":"wp","href":"https:\/\/api.w.org\/{rel}","templated":true}]}}