{"id":1527,"date":"2021-08-10T13:49:22","date_gmt":"2021-08-10T17:49:22","guid":{"rendered":"https:\/\/oceanic.gomd.cl\/dev\/?post_type=product&#038;p=1527"},"modified":"2021-08-12T09:25:27","modified_gmt":"2021-08-12T13:25:27","slug":"alemania","status":"publish","type":"product","link":"https:\/\/oceanic.gomd.cl\/dev\/embarcacion\/alemania\/","title":{"rendered":"Alemania"},"content":{"rendered":"<p>Reserva tu barco en Alemania y disfruta de unas vacaciones en Berl\u00edn. \u00a1Descubrir\u00e1s lo que este pa\u00eds tiene que ofrecerte! En el noreste del pa\u00eds, existe una red de bellos lagos, r\u00edos y canales forman la regi\u00f3n del Brandenburgo y el Mecklenburgo. Son regiones ideales para unas vacaciones en barco. Los cruceros fluviales en Alemania se caracterizan por sus aguas limpias y cristalinas y los deportes acu\u00e1ticos. Es un para\u00edso para las personas que disfrutan de una naturaleza salvaje.<\/p>\n<p>\u2022 El pueblo medieval de Brandenburgo.<br \/>\n\u2022 La maravillosa vida salvaje de Spreewald, una reserve natural.<br \/>\n\u2022 Los castillos de cuentos de hada en Rheinsberg y F\u00fcrstenburg.<br \/>\n\u2022 El Castillo de Sanssouci en Potsdam.<br \/>\n\u2022 La bella y renovada arquitectura de Berl\u00edn con sus monumentos y edificios hist\u00f3ricos y su estilo de vida ecl\u00e9ctico.<br \/>\n\u2022 El Lago de M\u00fcritz \u2013 para practicar la vela, la nataci\u00f3n y otros deportes acu\u00e1ticos.<\/p>\n","protected":false},"excerpt":{"rendered":"<p>Reserva tu barco en Alemania y disfruta de unas vacaciones en Berl\u00edn. \u00a1Descubrir\u00e1s lo que este pa\u00eds tiene que ofrecerte! En el noreste del pa\u00eds, existe una red de bellos lagos, r\u00edos y canales forman la regi\u00f3n del Brandenburgo y el Mecklenburgo. Son regiones ideales para unas vacaciones en barco. Los cruceros fluviales en Alemania &hellip;<\/p>\n<p class=\"read-more\"> <a class=\"\" href=\"https:\/\/oceanic.gomd.cl\/dev\/embarcacion\/alemania\/\"> <span class=\"screen-reader-text\">Alemania<\/span> Read More &raquo;<\/a><\/p>\n","protected":false},"featured_media":1531,"comment_status":"open","ping_status":"closed","template":"","meta":[],"product_cat":[147,46],"product_tag":[],"class_list":["post-1527","product","type-product","status-publish","has-post-thumbnail","hentry","product_cat-alemania","product_cat-arriendos"],"_links":{"self":[{"href":"https:\/\/oceanic.gomd.cl\/dev\/wp-json\/wp\/v2\/product\/1527","targetHints":{"allow":["GET"]}}],"collection":[{"href":"https:\/\/oceanic.gomd.cl\/dev\/wp-json\/wp\/v2\/product"}],"about":[{"href":"https:\/\/oceanic.gomd.cl\/dev\/wp-json\/wp\/v2\/types\/product"}],"replies":[{"embeddable":true,"href":"https:\/\/oceanic.gomd.cl\/dev\/wp-json\/wp\/v2\/comments?post=1527"}],"wp:featuredmedia":[{"embeddable":true,"href":"https:\/\/oceanic.gomd.cl\/dev\/wp-json\/wp\/v2\/media\/1531"}],"wp:attachment":[{"href":"https:\/\/oceanic.gomd.cl\/dev\/wp-json\/wp\/v2\/media?parent=1527"}],"wp:term":[{"taxonomy":"product_cat","embeddable":true,"href":"https:\/\/oceanic.gomd.cl\/dev\/wp-json\/wp\/v2\/product_cat?post=1527"},{"taxonomy":"product_tag","embeddable":true,"href":"https:\/\/oceanic.gomd.cl\/dev\/wp-json\/wp\/v2\/product_tag?post=1527"}],"curies":[{"name":"wp","href":"https:\/\/api.w.org\/{rel}","templated":true}]}}