{"id":1556,"date":"2021-08-10T15:24:49","date_gmt":"2021-08-10T19:24:49","guid":{"rendered":"https:\/\/oceanic.gomd.cl\/dev\/?post_type=product&#038;p=1556"},"modified":"2021-08-10T15:26:49","modified_gmt":"2021-08-10T19:26:49","slug":"brasil","status":"publish","type":"product","link":"https:\/\/oceanic.gomd.cl\/dev\/embarcacion\/brasil\/","title":{"rendered":"Brasil"},"content":{"rendered":"<p>La regi\u00f3n est\u00e1 dividida en 3 \u00e1reas, Angra dos Reis, Isla Grande y Paraty, lo que es conocido como la Costa Verde por su exuberante vegetaci\u00f3n con centenares de islas y miles de playas por conocer.<\/p>\n<p><strong>Isla Grande<\/strong><br \/>\nLa Isla Grande tiene 106 playas de caracter\u00edsticas diferentes, ensenadas, r\u00edos, lagos, cascadas, monta\u00f1as y picos distribuidos en 192Km2 de paisajes fascinantes. Es una concentraci\u00f3n de Bosque Atl\u00e1ntico, rodeada de agua por todos lados.<\/p>\n<p><strong>Angra Dos Reis<\/strong><br \/>\nEn Angra dos Reis siempre encontrar\u00e1s agua y temperatura agradable. En el centro de la costa verde, es el mayor centro de turismo n\u00e1utico en Brasil. La concentraci\u00f3n de decenas de clubes de yates, condominios, hoteles y puertos deportivos de la costa, ofreciendo excelentes servicios e infraestructura de apoyo para el navegador.<\/p>\n<p><strong>Paraty<\/strong><br \/>\nMonumento Hist\u00f3rico Nacional, Paraty es una ciudad colonial con muchos encantos arquitect\u00f3nicos, culturales y naturales. Considerado el \u00fanico fiordo puerto brasile\u00f1o de Paraty fue el comercio de oro y lleg\u00f3 a m\u00e1s de 250 centrales azucareros.<\/p>\n","protected":false},"excerpt":{"rendered":"<p>La regi\u00f3n est\u00e1 dividida en 3 \u00e1reas, Angra dos Reis, Isla Grande y Paraty, lo que es conocido como la Costa Verde por su exuberante vegetaci\u00f3n con centenares de islas y miles de playas por conocer. Isla Grande La Isla Grande tiene 106 playas de caracter\u00edsticas diferentes, ensenadas, r\u00edos, lagos, cascadas, monta\u00f1as y picos distribuidos &hellip;<\/p>\n<p class=\"read-more\"> <a class=\"\" href=\"https:\/\/oceanic.gomd.cl\/dev\/embarcacion\/brasil\/\"> <span class=\"screen-reader-text\">Brasil<\/span> Read More &raquo;<\/a><\/p>\n","protected":false},"featured_media":1557,"comment_status":"open","ping_status":"closed","template":"","meta":[],"product_cat":[46,53],"product_tag":[],"class_list":["post-1556","product","type-product","status-publish","has-post-thumbnail","hentry","product_cat-arriendos","product_cat-brasil"],"_links":{"self":[{"href":"https:\/\/oceanic.gomd.cl\/dev\/wp-json\/wp\/v2\/product\/1556","targetHints":{"allow":["GET"]}}],"collection":[{"href":"https:\/\/oceanic.gomd.cl\/dev\/wp-json\/wp\/v2\/product"}],"about":[{"href":"https:\/\/oceanic.gomd.cl\/dev\/wp-json\/wp\/v2\/types\/product"}],"replies":[{"embeddable":true,"href":"https:\/\/oceanic.gomd.cl\/dev\/wp-json\/wp\/v2\/comments?post=1556"}],"wp:featuredmedia":[{"embeddable":true,"href":"https:\/\/oceanic.gomd.cl\/dev\/wp-json\/wp\/v2\/media\/1557"}],"wp:attachment":[{"href":"https:\/\/oceanic.gomd.cl\/dev\/wp-json\/wp\/v2\/media?parent=1556"}],"wp:term":[{"taxonomy":"product_cat","embeddable":true,"href":"https:\/\/oceanic.gomd.cl\/dev\/wp-json\/wp\/v2\/product_cat?post=1556"},{"taxonomy":"product_tag","embeddable":true,"href":"https:\/\/oceanic.gomd.cl\/dev\/wp-json\/wp\/v2\/product_tag?post=1556"}],"curies":[{"name":"wp","href":"https:\/\/api.w.org\/{rel}","templated":true}]}}