{"id":1576,"date":"2021-08-10T15:40:19","date_gmt":"2021-08-10T19:40:19","guid":{"rendered":"https:\/\/oceanic.gomd.cl\/dev\/?post_type=product&#038;p=1576"},"modified":"2021-08-10T15:41:15","modified_gmt":"2021-08-10T19:41:15","slug":"australia","status":"publish","type":"product","link":"https:\/\/oceanic.gomd.cl\/dev\/embarcacion\/australia\/","title":{"rendered":"Australia"},"content":{"rendered":"<p>Un pa\u00eds de contrastes, hermosa y extraordinaria Australia le encantar\u00e1 con su caleidoscopio de paisajes, colores, visiones y experiencias. Navega las magn\u00edficas aguas cristalinas de la Gran Barrera de Coral y las Islas Whitsunday y disfruta de la espectacular vida marina, lujosos resorts isle\u00f1os y anclajes aislados.<\/p>\n<p>Situado junto a la costa de Queensland, el Whitsundays es sin duda uno de los lugares m\u00e1s impresionantemente bellos del mundo.<\/p>\n","protected":false},"excerpt":{"rendered":"<p>Un pa\u00eds de contrastes, hermosa y extraordinaria Australia le encantar\u00e1 con su caleidoscopio de paisajes, colores, visiones y experiencias. Navega las magn\u00edficas aguas cristalinas de la Gran Barrera de Coral y las Islas Whitsunday y disfruta de la espectacular vida marina, lujosos resorts isle\u00f1os y anclajes aislados. Situado junto a la costa de Queensland, el &hellip;<\/p>\n<p class=\"read-more\"> <a class=\"\" href=\"https:\/\/oceanic.gomd.cl\/dev\/embarcacion\/australia\/\"> <span class=\"screen-reader-text\">Australia<\/span> Read More &raquo;<\/a><\/p>\n","protected":false},"featured_media":1577,"comment_status":"open","ping_status":"closed","template":"","meta":[],"product_cat":[46,58],"product_tag":[],"class_list":["post-1576","product","type-product","status-publish","has-post-thumbnail","hentry","product_cat-arriendos","product_cat-australia"],"_links":{"self":[{"href":"https:\/\/oceanic.gomd.cl\/dev\/wp-json\/wp\/v2\/product\/1576","targetHints":{"allow":["GET"]}}],"collection":[{"href":"https:\/\/oceanic.gomd.cl\/dev\/wp-json\/wp\/v2\/product"}],"about":[{"href":"https:\/\/oceanic.gomd.cl\/dev\/wp-json\/wp\/v2\/types\/product"}],"replies":[{"embeddable":true,"href":"https:\/\/oceanic.gomd.cl\/dev\/wp-json\/wp\/v2\/comments?post=1576"}],"wp:featuredmedia":[{"embeddable":true,"href":"https:\/\/oceanic.gomd.cl\/dev\/wp-json\/wp\/v2\/media\/1577"}],"wp:attachment":[{"href":"https:\/\/oceanic.gomd.cl\/dev\/wp-json\/wp\/v2\/media?parent=1576"}],"wp:term":[{"taxonomy":"product_cat","embeddable":true,"href":"https:\/\/oceanic.gomd.cl\/dev\/wp-json\/wp\/v2\/product_cat?post=1576"},{"taxonomy":"product_tag","embeddable":true,"href":"https:\/\/oceanic.gomd.cl\/dev\/wp-json\/wp\/v2\/product_tag?post=1576"}],"curies":[{"name":"wp","href":"https:\/\/api.w.org\/{rel}","templated":true}]}}