{"id":1620,"date":"2021-08-10T16:05:06","date_gmt":"2021-08-10T20:05:06","guid":{"rendered":"https:\/\/oceanic.gomd.cl\/dev\/?post_type=product&#038;p=1620"},"modified":"2021-08-10T16:06:39","modified_gmt":"2021-08-10T20:06:39","slug":"belize","status":"publish","type":"product","link":"https:\/\/oceanic.gomd.cl\/dev\/embarcacion\/belize\/","title":{"rendered":"Belize"},"content":{"rendered":"<p>Aqu\u00ed comenzar\u00e1 un viaje como ning\u00fan otro. Con los sitios antiguos de Am\u00e9rica Central y una gran variedad de criaturas tropicales en tierra, zarpar\u00e1 a trav\u00e9s de aguas v\u00edrgenes cristalinas color turquesa llenas de vida acu\u00e1tica, un alquiler de yates en Belize es una experiencia impresionante que no debe perderse.<\/p>\n<p>Con un pie en la selva de Am\u00e9rica Central y el otro sumergido en el Mar Caribe, Belize cuenta con kil\u00f3metros de hermosos arrecifes de coral, bosques tropicales, fauna ex\u00f3tica y una historia cultural muy rica.<\/p>\n<p>El hogar de los arrecifes del mundo, la segunda mayor barrera, hay abundante snorkel, buceo y kayak.<\/p>\n<p>Las aguas deslumbrantes, retadoras hacen de la navegaci\u00f3n inmejorable y las muchas pr\u00edstinas playas de arena blanca bordeadas de palmeras majestuosas ofrecen un fuerte contraste contra el impresionante tel\u00f3n de fondo de las lejanas monta\u00f1as mayas azules.<\/p>\n<p>Ya sea que usted est\u00e1 buscando para la relajaci\u00f3n o aventura, hay algo para todos en este para\u00edso tropical de vela.<\/p>\n","protected":false},"excerpt":{"rendered":"<p>Aqu\u00ed comenzar\u00e1 un viaje como ning\u00fan otro. Con los sitios antiguos de Am\u00e9rica Central y una gran variedad de criaturas tropicales en tierra, zarpar\u00e1 a trav\u00e9s de aguas v\u00edrgenes cristalinas color turquesa llenas de vida acu\u00e1tica, un alquiler de yates en Belize es una experiencia impresionante que no debe perderse. Con un pie en la &hellip;<\/p>\n<p class=\"read-more\"> <a class=\"\" href=\"https:\/\/oceanic.gomd.cl\/dev\/embarcacion\/belize\/\"> <span class=\"screen-reader-text\">Belize<\/span> Read More &raquo;<\/a><\/p>\n","protected":false},"featured_media":1621,"comment_status":"open","ping_status":"closed","template":"","meta":[],"product_cat":[46,69],"product_tag":[],"class_list":["post-1620","product","type-product","status-publish","has-post-thumbnail","hentry","product_cat-arriendos","product_cat-belize"],"_links":{"self":[{"href":"https:\/\/oceanic.gomd.cl\/dev\/wp-json\/wp\/v2\/product\/1620","targetHints":{"allow":["GET"]}}],"collection":[{"href":"https:\/\/oceanic.gomd.cl\/dev\/wp-json\/wp\/v2\/product"}],"about":[{"href":"https:\/\/oceanic.gomd.cl\/dev\/wp-json\/wp\/v2\/types\/product"}],"replies":[{"embeddable":true,"href":"https:\/\/oceanic.gomd.cl\/dev\/wp-json\/wp\/v2\/comments?post=1620"}],"wp:featuredmedia":[{"embeddable":true,"href":"https:\/\/oceanic.gomd.cl\/dev\/wp-json\/wp\/v2\/media\/1621"}],"wp:attachment":[{"href":"https:\/\/oceanic.gomd.cl\/dev\/wp-json\/wp\/v2\/media?parent=1620"}],"wp:term":[{"taxonomy":"product_cat","embeddable":true,"href":"https:\/\/oceanic.gomd.cl\/dev\/wp-json\/wp\/v2\/product_cat?post=1620"},{"taxonomy":"product_tag","embeddable":true,"href":"https:\/\/oceanic.gomd.cl\/dev\/wp-json\/wp\/v2\/product_tag?post=1620"}],"curies":[{"name":"wp","href":"https:\/\/api.w.org\/{rel}","templated":true}]}}