{"id":1636,"date":"2021-08-10T16:13:05","date_gmt":"2021-08-10T20:13:05","guid":{"rendered":"https:\/\/oceanic.gomd.cl\/dev\/?post_type=product&#038;p=1636"},"modified":"2021-08-10T16:14:15","modified_gmt":"2021-08-10T20:14:15","slug":"bahamas","status":"publish","type":"product","link":"https:\/\/oceanic.gomd.cl\/dev\/embarcacion\/bahamas\/","title":{"rendered":"Bahamas"},"content":{"rendered":"<p>Las Bahamas es un archipi\u00e9lago de 700 islas y 2.500 cayos. Su historia incluye una colorida diversidad de personajes \u2013 desde el famoso Barbanegra y Jack Calico a los republicanos que huyeron de la revoluci\u00f3n americana para reconstruir sus vidas en lo que entonces era territorio brit\u00e1nico.<\/p>\n<p>La mejor \u00e9poca para ir es el verano c\u00e1lido y con brisa, cuando el agua es tan caliente que puede permanecer en ella durante horas. En verano, la temporada de lluvias se extiende de mayo a noviembre, cuando los huracanes son una peque\u00f1a posibilidad. La \u201ctemporada alta\u201d se extiende desde mediados de diciembre hasta mediados de abril. Las Bahamas tienen un clima sub-tropical, gente amable y \u2013 de acuerdo a los astronautas \u2013 las aguas m\u00e1s claras en la regi\u00f3n del Caribe. Nassau y Paradise Island combinados tienen cerca de 26 playas.<\/p>\n<p>Pink Sand Beach en Harbour Island se llama as\u00ed por el polvo de color rosa p\u00e1lido que se extiende por tres kil\u00f3metros. Eleuthera es famoso por sus pi\u00f1as y Abaco para la navegaci\u00f3n. La capital de la pesca deportiva es Bimini, a s\u00f3lo 50 millas de la costa del sur de la Florida, y Grand Bahama Island es el centro del pa\u00eds de eco-turismo, ofreciendo tours de naturaleza, kayak, paseos a caballo, parques nacionales y jardines bot\u00e1nicos.<\/p>\n<p>Estos mares azules contienen casi una cuarta parte coral de la Tierra y son el hogar de algunos de los peces tropicales m\u00e1s espectaculares que se encuentran en cualquier parte del mundo.<\/p>\n","protected":false},"excerpt":{"rendered":"<p>Las Bahamas es un archipi\u00e9lago de 700 islas y 2.500 cayos. Su historia incluye una colorida diversidad de personajes \u2013 desde el famoso Barbanegra y Jack Calico a los republicanos que huyeron de la revoluci\u00f3n americana para reconstruir sus vidas en lo que entonces era territorio brit\u00e1nico. La mejor \u00e9poca para ir es el verano &hellip;<\/p>\n<p class=\"read-more\"> <a class=\"\" href=\"https:\/\/oceanic.gomd.cl\/dev\/embarcacion\/bahamas\/\"> <span class=\"screen-reader-text\">Bahamas<\/span> Read More &raquo;<\/a><\/p>\n","protected":false},"featured_media":1637,"comment_status":"open","ping_status":"closed","template":"","meta":[],"product_cat":[46,73],"product_tag":[],"class_list":["post-1636","product","type-product","status-publish","has-post-thumbnail","hentry","product_cat-arriendos","product_cat-bahamas"],"_links":{"self":[{"href":"https:\/\/oceanic.gomd.cl\/dev\/wp-json\/wp\/v2\/product\/1636","targetHints":{"allow":["GET"]}}],"collection":[{"href":"https:\/\/oceanic.gomd.cl\/dev\/wp-json\/wp\/v2\/product"}],"about":[{"href":"https:\/\/oceanic.gomd.cl\/dev\/wp-json\/wp\/v2\/types\/product"}],"replies":[{"embeddable":true,"href":"https:\/\/oceanic.gomd.cl\/dev\/wp-json\/wp\/v2\/comments?post=1636"}],"wp:featuredmedia":[{"embeddable":true,"href":"https:\/\/oceanic.gomd.cl\/dev\/wp-json\/wp\/v2\/media\/1637"}],"wp:attachment":[{"href":"https:\/\/oceanic.gomd.cl\/dev\/wp-json\/wp\/v2\/media?parent=1636"}],"wp:term":[{"taxonomy":"product_cat","embeddable":true,"href":"https:\/\/oceanic.gomd.cl\/dev\/wp-json\/wp\/v2\/product_cat?post=1636"},{"taxonomy":"product_tag","embeddable":true,"href":"https:\/\/oceanic.gomd.cl\/dev\/wp-json\/wp\/v2\/product_tag?post=1636"}],"curies":[{"name":"wp","href":"https:\/\/api.w.org\/{rel}","templated":true}]}}