{"id":311,"date":"2021-05-04T18:30:26","date_gmt":"2021-05-04T22:30:26","guid":{"rendered":"https:\/\/oceanic-dev-cl.gomd-dev.cl\/?post_type=product&#038;p=311"},"modified":"2021-08-10T11:47:13","modified_gmt":"2021-08-10T15:47:13","slug":"2021-aquila-54","status":"publish","type":"product","link":"https:\/\/oceanic.gomd.cl\/dev\/embarcacion\/2021-aquila-54\/","title":{"rendered":"2021 Aquila 54"},"content":{"rendered":"<p><span lang=\"es\">El r\u00e1pido crecimiento y el \u00e9xito global de Aquila han desafiado a nuestros equipos internacionales de dise\u00f1o e ingenier\u00eda a elevar las expectativas con un modelo de crucero m\u00e1s nuevo, m\u00e1s grande y m\u00e1s elegante. El Aquila 54 Power Catamaran incorpora las caracter\u00edsticas confiables y los m\u00e9todos de construcci\u00f3n de los cientos de Aquilas que navegan por las aguas del mundo. Este modelo, mejora los lujos a bordo con refrigeraci\u00f3n de tama\u00f1o completo y dise\u00f1os que incluyen opciones de cabina de 3, 4 y 5, as\u00ed como habitaciones para el patr\u00f3n y dise\u00f1os de &#8220;galera&#8221;. Los propietarios se deleitar\u00e1n con las vistas panor\u00e1micas que llenan la cabina principal con luz natural a trav\u00e9s de las grandes ventanas laterales del casco, lo que aumenta la sensaci\u00f3n de amplitud de la cabina principal delantera de haz completo. Dise\u00f1ado con un flybridge abierto y un parabrisas frontal de vidrio s\u00f3lido, o un flybridge completamente cerrado y con clima controlado, el Aquila 54 presenta la versatilidad para atraer a una audiencia global de entusiastas de la navegaci\u00f3n. Est\u00e9 atento a que se publiquen m\u00e1s detalles sobre este nuevo modelo que debutar\u00e1 en 2020.<\/span><\/p>\n","protected":false},"excerpt":{"rendered":"<p><span lang=\"es\">El r\u00e1pido crecimiento y el \u00e9xito global de Aquila han desafiado a nuestros equipos internacionales de dise\u00f1o e ingenier\u00eda a elevar las expectativas con un modelo de crucero m\u00e1s nuevo, m\u00e1s grande y m\u00e1s elegante<\/span><\/p>\n","protected":false},"featured_media":317,"comment_status":"open","ping_status":"closed","template":"","meta":[],"product_cat":[82,22,44],"product_tag":[42],"class_list":["post-311","product","type-product","status-publish","has-post-thumbnail","hentry","product_cat-catamaran","product_cat-motor","product_cat-nuevo","product_tag-aquila"],"_links":{"self":[{"href":"https:\/\/oceanic.gomd.cl\/dev\/wp-json\/wp\/v2\/product\/311","targetHints":{"allow":["GET"]}}],"collection":[{"href":"https:\/\/oceanic.gomd.cl\/dev\/wp-json\/wp\/v2\/product"}],"about":[{"href":"https:\/\/oceanic.gomd.cl\/dev\/wp-json\/wp\/v2\/types\/product"}],"replies":[{"embeddable":true,"href":"https:\/\/oceanic.gomd.cl\/dev\/wp-json\/wp\/v2\/comments?post=311"}],"wp:featuredmedia":[{"embeddable":true,"href":"https:\/\/oceanic.gomd.cl\/dev\/wp-json\/wp\/v2\/media\/317"}],"wp:attachment":[{"href":"https:\/\/oceanic.gomd.cl\/dev\/wp-json\/wp\/v2\/media?parent=311"}],"wp:term":[{"taxonomy":"product_cat","embeddable":true,"href":"https:\/\/oceanic.gomd.cl\/dev\/wp-json\/wp\/v2\/product_cat?post=311"},{"taxonomy":"product_tag","embeddable":true,"href":"https:\/\/oceanic.gomd.cl\/dev\/wp-json\/wp\/v2\/product_tag?post=311"}],"curies":[{"name":"wp","href":"https:\/\/api.w.org\/{rel}","templated":true}]}}