{"id":398,"date":"2021-05-07T20:55:43","date_gmt":"2021-05-07T23:55:43","guid":{"rendered":"https:\/\/oceanic-dev-cl.gomd-dev.cl\/?post_type=product&#038;p=398"},"modified":"2021-08-10T11:45:43","modified_gmt":"2021-08-10T15:45:43","slug":"beneteau-first-53","status":"publish","type":"product","link":"https:\/\/oceanic.gomd.cl\/dev\/embarcacion\/beneteau-first-53\/","title":{"rendered":"Beneteau First 53"},"content":{"rendered":"<p>Heredero de m\u00e1s de 40 a\u00f1os de experiencia de la gama First lanzada por B\u00e9n\u00e9teau en 1977, el First Yacht 53 pone el rumbo hacia el crucero eficaz. Es la primera unidad \u00ab Luxury Performance \u00bb concebida para los armadores exigentes y expertos conocedores de la navegaci\u00f3n a vela. Carena y equilibrio en la rueda para sensaciones \u00fanicas, plano de cubierta fluido, interior marinero y moderno sobre fondo de mamparos lacados en blanco y madera moldeada : con el First Yacht 53, la nueva generaci\u00f3n First est\u00e1 en marcha!<\/p>\n","protected":false},"excerpt":{"rendered":"<p>Heredero de m\u00e1s de 40 a\u00f1os de experiencia de la gama First lanzada por B\u00e9n\u00e9teau en 1977, el First Yacht 53 pone el rumbo hacia el crucero eficaz. Es la primera unidad \u00ab Luxury Performance \u00bb concebida para los armadores exigentes y expertos conocedores de la navegaci\u00f3n a vela. Carena y equilibrio en la rueda &hellip;<\/p>\n<p class=\"read-more\"> <a class=\"\" href=\"https:\/\/oceanic.gomd.cl\/dev\/embarcacion\/beneteau-first-53\/\"> <span class=\"screen-reader-text\">Beneteau First 53<\/span> Read More &raquo;<\/a><\/p>\n","protected":false},"featured_media":400,"comment_status":"open","ping_status":"closed","template":"","meta":[],"product_cat":[84,44,23],"product_tag":[41],"class_list":["post-398","product","type-product","status-publish","has-post-thumbnail","hentry","product_cat-monocasco","product_cat-nuevo","product_cat-vela","product_tag-beneteau"],"_links":{"self":[{"href":"https:\/\/oceanic.gomd.cl\/dev\/wp-json\/wp\/v2\/product\/398","targetHints":{"allow":["GET"]}}],"collection":[{"href":"https:\/\/oceanic.gomd.cl\/dev\/wp-json\/wp\/v2\/product"}],"about":[{"href":"https:\/\/oceanic.gomd.cl\/dev\/wp-json\/wp\/v2\/types\/product"}],"replies":[{"embeddable":true,"href":"https:\/\/oceanic.gomd.cl\/dev\/wp-json\/wp\/v2\/comments?post=398"}],"wp:featuredmedia":[{"embeddable":true,"href":"https:\/\/oceanic.gomd.cl\/dev\/wp-json\/wp\/v2\/media\/400"}],"wp:attachment":[{"href":"https:\/\/oceanic.gomd.cl\/dev\/wp-json\/wp\/v2\/media?parent=398"}],"wp:term":[{"taxonomy":"product_cat","embeddable":true,"href":"https:\/\/oceanic.gomd.cl\/dev\/wp-json\/wp\/v2\/product_cat?post=398"},{"taxonomy":"product_tag","embeddable":true,"href":"https:\/\/oceanic.gomd.cl\/dev\/wp-json\/wp\/v2\/product_tag?post=398"}],"curies":[{"name":"wp","href":"https:\/\/api.w.org\/{rel}","templated":true}]}}