{"id":455,"date":"2021-05-19T21:17:31","date_gmt":"2021-05-20T01:17:31","guid":{"rendered":"https:\/\/oceanic-dev-cl.gomd-dev.cl\/?post_type=product&#038;p=455"},"modified":"2021-08-10T11:41:42","modified_gmt":"2021-08-10T15:41:42","slug":"2021-aquila-44","status":"publish","type":"product","link":"https:\/\/oceanic.gomd.cl\/dev\/embarcacion\/2021-aquila-44\/","title":{"rendered":"2021 Aquila 44"},"content":{"rendered":"<p><span lang=\"es\">El Aquila 44 es un catamar\u00e1n a motor con una nueva evoluci\u00f3n de las tradiciones n\u00e1uticas cl\u00e1sicas. La eficiencia en el dise\u00f1o y el rendimiento complementan su lujosa y espaciosa vida. El Aquila 44 est\u00e1 disponible con un dise\u00f1o de 3 cabinas con un sal\u00f3n y una cocina con vistas de 360 \u00b0 y un extenso flybridge. Hay opciones de personalizaci\u00f3n disponibles para satisfacer una variedad de estilos de vida en bote.<\/span><\/p>\n","protected":false},"excerpt":{"rendered":"<p>El Aquila 44 es un catamar\u00e1n a motor con una nueva evoluci\u00f3n de las tradiciones n\u00e1uticas cl\u00e1sicas. La eficiencia en el dise\u00f1o y el rendimiento complementan su lujosa y espaciosa vida. El Aquila 44 est\u00e1 disponible con un dise\u00f1o de 3 cabinas con un sal\u00f3n y una cocina con vistas de 360 \u00b0 y un &hellip;<\/p>\n<p class=\"read-more\"> <a class=\"\" href=\"https:\/\/oceanic.gomd.cl\/dev\/embarcacion\/2021-aquila-44\/\"> <span class=\"screen-reader-text\">2021 Aquila 44<\/span> Read More &raquo;<\/a><\/p>\n","protected":false},"featured_media":456,"comment_status":"open","ping_status":"closed","template":"","meta":[],"product_cat":[82,22,44],"product_tag":[42],"class_list":["post-455","product","type-product","status-publish","has-post-thumbnail","hentry","product_cat-catamaran","product_cat-motor","product_cat-nuevo","product_tag-aquila"],"_links":{"self":[{"href":"https:\/\/oceanic.gomd.cl\/dev\/wp-json\/wp\/v2\/product\/455","targetHints":{"allow":["GET"]}}],"collection":[{"href":"https:\/\/oceanic.gomd.cl\/dev\/wp-json\/wp\/v2\/product"}],"about":[{"href":"https:\/\/oceanic.gomd.cl\/dev\/wp-json\/wp\/v2\/types\/product"}],"replies":[{"embeddable":true,"href":"https:\/\/oceanic.gomd.cl\/dev\/wp-json\/wp\/v2\/comments?post=455"}],"wp:featuredmedia":[{"embeddable":true,"href":"https:\/\/oceanic.gomd.cl\/dev\/wp-json\/wp\/v2\/media\/456"}],"wp:attachment":[{"href":"https:\/\/oceanic.gomd.cl\/dev\/wp-json\/wp\/v2\/media?parent=455"}],"wp:term":[{"taxonomy":"product_cat","embeddable":true,"href":"https:\/\/oceanic.gomd.cl\/dev\/wp-json\/wp\/v2\/product_cat?post=455"},{"taxonomy":"product_tag","embeddable":true,"href":"https:\/\/oceanic.gomd.cl\/dev\/wp-json\/wp\/v2\/product_tag?post=455"}],"curies":[{"name":"wp","href":"https:\/\/api.w.org\/{rel}","templated":true}]}}