{"id":460,"date":"2021-05-19T21:58:44","date_gmt":"2021-05-20T01:58:44","guid":{"rendered":"https:\/\/oceanic-dev-cl.gomd-dev.cl\/?post_type=product&#038;p=460"},"modified":"2021-08-10T11:40:50","modified_gmt":"2021-08-10T15:40:50","slug":"2021-aquila-36","status":"publish","type":"product","link":"https:\/\/oceanic.gomd.cl\/dev\/embarcacion\/2021-aquila-36\/","title":{"rendered":"2021 Aquila 36"},"content":{"rendered":"<p><span lang=\"es\">El nuevo Aquila 36 es un catamar\u00e1n a motor que combina abundante espacio a bordo y cualidades perfectas para socializar con fuerza y \u200b\u200bcontrol. Ofreciendo las comodidades de un yate grande que incluye una cocina de verano en la parte superior con parrilla sin humo, el Aquila 36 tiene asientos en la ba\u00f1era para m\u00e1s de dos docenas de adultos y dos c\u00f3modas cabinas con ba\u00f1os privados. Descubra todas las posibilidades, desde emocionantes actividades acu\u00e1ticas hasta viajes sin preocupaciones visitando destinos emocionantes. Explore destinos emocionantes, disfrute de los restaurantes del muelle, visite las islas locales o simplemente rel\u00e1jese y entretenga a familiares y amigos a bordo.<\/span><\/p>\n","protected":false},"excerpt":{"rendered":"<p>El nuevo Aquila 36 es un catamar\u00e1n a motor que combina abundante espacio a bordo y cualidades perfectas para socializar con fuerza y \u200b\u200bcontrol. Ofreciendo las comodidades de un yate grande que incluye una cocina de verano en la parte superior con parrilla sin humo, el Aquila 36 tiene asientos en la ba\u00f1era para m\u00e1s &hellip;<\/p>\n<p class=\"read-more\"> <a class=\"\" href=\"https:\/\/oceanic.gomd.cl\/dev\/embarcacion\/2021-aquila-36\/\"> <span class=\"screen-reader-text\">2021 Aquila 36<\/span> Read More &raquo;<\/a><\/p>\n","protected":false},"featured_media":461,"comment_status":"open","ping_status":"closed","template":"","meta":[],"product_cat":[82,22,44],"product_tag":[42],"class_list":["post-460","product","type-product","status-publish","has-post-thumbnail","hentry","product_cat-catamaran","product_cat-motor","product_cat-nuevo","product_tag-aquila"],"_links":{"self":[{"href":"https:\/\/oceanic.gomd.cl\/dev\/wp-json\/wp\/v2\/product\/460","targetHints":{"allow":["GET"]}}],"collection":[{"href":"https:\/\/oceanic.gomd.cl\/dev\/wp-json\/wp\/v2\/product"}],"about":[{"href":"https:\/\/oceanic.gomd.cl\/dev\/wp-json\/wp\/v2\/types\/product"}],"replies":[{"embeddable":true,"href":"https:\/\/oceanic.gomd.cl\/dev\/wp-json\/wp\/v2\/comments?post=460"}],"wp:featuredmedia":[{"embeddable":true,"href":"https:\/\/oceanic.gomd.cl\/dev\/wp-json\/wp\/v2\/media\/461"}],"wp:attachment":[{"href":"https:\/\/oceanic.gomd.cl\/dev\/wp-json\/wp\/v2\/media?parent=460"}],"wp:term":[{"taxonomy":"product_cat","embeddable":true,"href":"https:\/\/oceanic.gomd.cl\/dev\/wp-json\/wp\/v2\/product_cat?post=460"},{"taxonomy":"product_tag","embeddable":true,"href":"https:\/\/oceanic.gomd.cl\/dev\/wp-json\/wp\/v2\/product_tag?post=460"}],"curies":[{"name":"wp","href":"https:\/\/api.w.org\/{rel}","templated":true}]}}