{"id":492,"date":"2021-05-20T12:48:17","date_gmt":"2021-05-20T16:48:17","guid":{"rendered":"https:\/\/oceanic-dev-cl.gomd-dev.cl\/?post_type=product&#038;p=492"},"modified":"2021-08-10T11:51:13","modified_gmt":"2021-08-10T15:51:13","slug":"2021-aquila-32","status":"publish","type":"product","link":"https:\/\/oceanic.gomd.cl\/dev\/embarcacion\/2021-aquila-32\/","title":{"rendered":"2021 Aquila 32"},"content":{"rendered":"<p>Descubra un mar de posibilidades con el nuevo Aquila 32 Sport Catamaran. Las caracter\u00edsticas y la calidad de un yate se combinan con el estilo y la funci\u00f3n para crear una plataforma muy atractiva para actividades acu\u00e1ticas y aventuras de todos los modos. Explore destinos emocionantes, disfrute de los restaurantes del muelle, visite las islas locales o simplemente rel\u00e1jese y entretenga a familiares y amigos a bordo.<\/p>\n","protected":false},"excerpt":{"rendered":"<p>Descubra un mar de posibilidades con el nuevo Aquila 32 Sport Catamaran. Las caracter\u00edsticas y la calidad de un yate se combinan con el estilo y la funci\u00f3n para crear una plataforma muy atractiva para actividades acu\u00e1ticas y aventuras de todos los modos. Explore destinos emocionantes, disfrute de los restaurantes del muelle, visite las islas &hellip;<\/p>\n<p class=\"read-more\"> <a class=\"\" href=\"https:\/\/oceanic.gomd.cl\/dev\/embarcacion\/2021-aquila-32\/\"> <span class=\"screen-reader-text\">2021 Aquila 32<\/span> Read More &raquo;<\/a><\/p>\n","protected":false},"featured_media":493,"comment_status":"open","ping_status":"closed","template":"","meta":[],"product_cat":[82,22,44],"product_tag":[42],"class_list":["post-492","product","type-product","status-publish","has-post-thumbnail","hentry","product_cat-catamaran","product_cat-motor","product_cat-nuevo","product_tag-aquila"],"_links":{"self":[{"href":"https:\/\/oceanic.gomd.cl\/dev\/wp-json\/wp\/v2\/product\/492","targetHints":{"allow":["GET"]}}],"collection":[{"href":"https:\/\/oceanic.gomd.cl\/dev\/wp-json\/wp\/v2\/product"}],"about":[{"href":"https:\/\/oceanic.gomd.cl\/dev\/wp-json\/wp\/v2\/types\/product"}],"replies":[{"embeddable":true,"href":"https:\/\/oceanic.gomd.cl\/dev\/wp-json\/wp\/v2\/comments?post=492"}],"wp:featuredmedia":[{"embeddable":true,"href":"https:\/\/oceanic.gomd.cl\/dev\/wp-json\/wp\/v2\/media\/493"}],"wp:attachment":[{"href":"https:\/\/oceanic.gomd.cl\/dev\/wp-json\/wp\/v2\/media?parent=492"}],"wp:term":[{"taxonomy":"product_cat","embeddable":true,"href":"https:\/\/oceanic.gomd.cl\/dev\/wp-json\/wp\/v2\/product_cat?post=492"},{"taxonomy":"product_tag","embeddable":true,"href":"https:\/\/oceanic.gomd.cl\/dev\/wp-json\/wp\/v2\/product_tag?post=492"}],"curies":[{"name":"wp","href":"https:\/\/api.w.org\/{rel}","templated":true}]}}