{"id":517,"date":"2021-05-20T13:57:26","date_gmt":"2021-05-20T17:57:26","guid":{"rendered":"https:\/\/oceanic-dev-cl.gomd-dev.cl\/?post_type=product&#038;p=517"},"modified":"2021-08-10T11:10:33","modified_gmt":"2021-08-10T15:10:33","slug":"beneteau-first-18","status":"publish","type":"product","link":"https:\/\/oceanic.gomd.cl\/dev\/embarcacion\/beneteau-first-18\/","title":{"rendered":"Beneteau First 18"},"content":{"rendered":"<p>EVerdadero trineo marino, el First 18 promete una navegaci\u00f3n 100% recreativa. En modo paseo o en regata, este peque\u00f1o monotipo remolcable permite explorar sin l\u00edmites las m\u00e1s bellas zonas de navegaci\u00f3n.<\/p>\n","protected":false},"excerpt":{"rendered":"<p>EVerdadero trineo marino, el First 18 promete una navegaci\u00f3n 100% recreativa. En modo paseo o en regata, este peque\u00f1o monotipo remolcable permite explorar sin l\u00edmites las m\u00e1s bellas zonas de navegaci\u00f3n.<\/p>\n","protected":false},"featured_media":504,"comment_status":"open","ping_status":"closed","template":"","meta":[],"product_cat":[84,44,23],"product_tag":[41],"class_list":["post-517","product","type-product","status-publish","has-post-thumbnail","hentry","product_cat-monocasco","product_cat-nuevo","product_cat-vela","product_tag-beneteau"],"_links":{"self":[{"href":"https:\/\/oceanic.gomd.cl\/dev\/wp-json\/wp\/v2\/product\/517","targetHints":{"allow":["GET"]}}],"collection":[{"href":"https:\/\/oceanic.gomd.cl\/dev\/wp-json\/wp\/v2\/product"}],"about":[{"href":"https:\/\/oceanic.gomd.cl\/dev\/wp-json\/wp\/v2\/types\/product"}],"replies":[{"embeddable":true,"href":"https:\/\/oceanic.gomd.cl\/dev\/wp-json\/wp\/v2\/comments?post=517"}],"wp:featuredmedia":[{"embeddable":true,"href":"https:\/\/oceanic.gomd.cl\/dev\/wp-json\/wp\/v2\/media\/504"}],"wp:attachment":[{"href":"https:\/\/oceanic.gomd.cl\/dev\/wp-json\/wp\/v2\/media?parent=517"}],"wp:term":[{"taxonomy":"product_cat","embeddable":true,"href":"https:\/\/oceanic.gomd.cl\/dev\/wp-json\/wp\/v2\/product_cat?post=517"},{"taxonomy":"product_tag","embeddable":true,"href":"https:\/\/oceanic.gomd.cl\/dev\/wp-json\/wp\/v2\/product_tag?post=517"}],"curies":[{"name":"wp","href":"https:\/\/api.w.org\/{rel}","templated":true}]}}