{"id":598,"date":"2021-06-24T13:36:43","date_gmt":"2021-06-24T17:36:43","guid":{"rendered":"https:\/\/oceanic.gomd.cl\/dev\/?post_type=product&#038;p=598"},"modified":"2021-08-10T11:07:33","modified_gmt":"2021-08-10T15:07:33","slug":"beneteau-oceanis-yatcht-54","status":"publish","type":"product","link":"https:\/\/oceanic.gomd.cl\/dev\/embarcacion\/beneteau-oceanis-yatcht-54\/","title":{"rendered":"Beneteau Oceanis Yatcht 54"},"content":{"rendered":"<p>Sobre una magn\u00edfica carena de m\u00e1s de\u00a0<strong>17 metros de eslora<\/strong>, el t\u00e1ndem de arquitectos Roberto Biscontini y Lorenzo Argento est\u00e1 enfocado a aportar el m\u00e1ximo confort, \u00a0fluidez en los desplazamientos y las maniobras bajo velas, y esmerados acabados de alta gama. El Oceanis Yacht 54 abre la v\u00eda a una\u00a0<strong>nueva generaci\u00f3n de cruceros<\/strong>\u00a0con cockpit optimizado dotado de ayudas a la navegaci\u00f3n, lo que se llama Easy Sailing. Por su dise\u00f1o y su habitabilidad, este nuevo crucero f\u00e1cilmente manejable con tripulaci\u00f3n reducida, permanece perfectamente en el ADN Oceanis con adem\u00e1s, un inter\u00e9s en el detalle y en los materiales elegidos, que hacen de \u00e9l un verdadero yate de crucero.<\/p>\n","protected":false},"excerpt":{"rendered":"<p>Sobre una magn\u00edfica carena de m\u00e1s de\u00a017 metros de eslora, el t\u00e1ndem de arquitectos Roberto Biscontini y Lorenzo Argento est\u00e1 enfocado a aportar el m\u00e1ximo confort, \u00a0fluidez en los desplazamientos y las maniobras bajo velas, y esmerados acabados de alta gama. El Oceanis Yacht 54 abre la v\u00eda a una\u00a0nueva generaci\u00f3n de cruceros\u00a0con cockpit optimizado &hellip;<\/p>\n<p class=\"read-more\"> <a class=\"\" href=\"https:\/\/oceanic.gomd.cl\/dev\/embarcacion\/beneteau-oceanis-yatcht-54\/\"> <span class=\"screen-reader-text\">Beneteau Oceanis Yatcht 54<\/span> Read More &raquo;<\/a><\/p>\n","protected":false},"featured_media":599,"comment_status":"open","ping_status":"closed","template":"","meta":[],"product_cat":[84,44,23],"product_tag":[41],"class_list":["post-598","product","type-product","status-publish","has-post-thumbnail","hentry","product_cat-monocasco","product_cat-nuevo","product_cat-vela","product_tag-beneteau"],"_links":{"self":[{"href":"https:\/\/oceanic.gomd.cl\/dev\/wp-json\/wp\/v2\/product\/598","targetHints":{"allow":["GET"]}}],"collection":[{"href":"https:\/\/oceanic.gomd.cl\/dev\/wp-json\/wp\/v2\/product"}],"about":[{"href":"https:\/\/oceanic.gomd.cl\/dev\/wp-json\/wp\/v2\/types\/product"}],"replies":[{"embeddable":true,"href":"https:\/\/oceanic.gomd.cl\/dev\/wp-json\/wp\/v2\/comments?post=598"}],"wp:featuredmedia":[{"embeddable":true,"href":"https:\/\/oceanic.gomd.cl\/dev\/wp-json\/wp\/v2\/media\/599"}],"wp:attachment":[{"href":"https:\/\/oceanic.gomd.cl\/dev\/wp-json\/wp\/v2\/media?parent=598"}],"wp:term":[{"taxonomy":"product_cat","embeddable":true,"href":"https:\/\/oceanic.gomd.cl\/dev\/wp-json\/wp\/v2\/product_cat?post=598"},{"taxonomy":"product_tag","embeddable":true,"href":"https:\/\/oceanic.gomd.cl\/dev\/wp-json\/wp\/v2\/product_tag?post=598"}],"curies":[{"name":"wp","href":"https:\/\/api.w.org\/{rel}","templated":true}]}}