{"id":610,"date":"2021-06-24T14:11:23","date_gmt":"2021-06-24T18:11:23","guid":{"rendered":"https:\/\/oceanic.gomd.cl\/dev\/?post_type=product&#038;p=610"},"modified":"2021-08-10T11:06:33","modified_gmt":"2021-08-10T15:06:33","slug":"beneteau-oceanis-yatcht-62","status":"publish","type":"product","link":"https:\/\/oceanic.gomd.cl\/dev\/embarcacion\/beneteau-oceanis-yatcht-62\/","title":{"rendered":"Beneteau Oceanis Yatcht 62"},"content":{"rendered":"<p>El Oceanis Yacht se presenta ante la mirada bajo una l\u00ednea reconocible entre todas. Elegante sobre el agua, rodeado de amplios acristalamientos, su aspecto anuncia un barco de excepci\u00f3n. Provisto de una carena de pantoques, un doble tim\u00f3n y un plan de velamen perfectamente centrado, el Oceanis Yacht 62 est\u00e1 pensado para ser seguro, equilibrado y maniobrable.<\/p>\n","protected":false},"excerpt":{"rendered":"<p>El Oceanis Yacht se presenta ante la mirada bajo una l\u00ednea reconocible entre todas. Elegante sobre el agua, rodeado de amplios acristalamientos, su aspecto anuncia un barco de excepci\u00f3n. Provisto de una carena de pantoques, un doble tim\u00f3n y un plan de velamen perfectamente centrado, el Oceanis Yacht 62 est\u00e1 pensado para ser seguro, equilibrado &hellip;<\/p>\n<p class=\"read-more\"> <a class=\"\" href=\"https:\/\/oceanic.gomd.cl\/dev\/embarcacion\/beneteau-oceanis-yatcht-62\/\"> <span class=\"screen-reader-text\">Beneteau Oceanis Yatcht 62<\/span> Read More &raquo;<\/a><\/p>\n","protected":false},"featured_media":611,"comment_status":"open","ping_status":"closed","template":"","meta":[],"product_cat":[84,44,23],"product_tag":[41],"class_list":["post-610","product","type-product","status-publish","has-post-thumbnail","hentry","product_cat-monocasco","product_cat-nuevo","product_cat-vela","product_tag-beneteau"],"_links":{"self":[{"href":"https:\/\/oceanic.gomd.cl\/dev\/wp-json\/wp\/v2\/product\/610","targetHints":{"allow":["GET"]}}],"collection":[{"href":"https:\/\/oceanic.gomd.cl\/dev\/wp-json\/wp\/v2\/product"}],"about":[{"href":"https:\/\/oceanic.gomd.cl\/dev\/wp-json\/wp\/v2\/types\/product"}],"replies":[{"embeddable":true,"href":"https:\/\/oceanic.gomd.cl\/dev\/wp-json\/wp\/v2\/comments?post=610"}],"wp:featuredmedia":[{"embeddable":true,"href":"https:\/\/oceanic.gomd.cl\/dev\/wp-json\/wp\/v2\/media\/611"}],"wp:attachment":[{"href":"https:\/\/oceanic.gomd.cl\/dev\/wp-json\/wp\/v2\/media?parent=610"}],"wp:term":[{"taxonomy":"product_cat","embeddable":true,"href":"https:\/\/oceanic.gomd.cl\/dev\/wp-json\/wp\/v2\/product_cat?post=610"},{"taxonomy":"product_tag","embeddable":true,"href":"https:\/\/oceanic.gomd.cl\/dev\/wp-json\/wp\/v2\/product_tag?post=610"}],"curies":[{"name":"wp","href":"https:\/\/api.w.org\/{rel}","templated":true}]}}