{"id":646,"date":"2021-06-24T14:24:04","date_gmt":"2021-06-24T18:24:04","guid":{"rendered":"https:\/\/oceanic.gomd.cl\/dev\/?post_type=product&#038;p=646"},"modified":"2021-08-10T11:04:33","modified_gmt":"2021-08-10T15:04:33","slug":"beneteau-oceanis-38-1","status":"publish","type":"product","link":"https:\/\/oceanic.gomd.cl\/dev\/embarcacion\/beneteau-oceanis-38-1\/","title":{"rendered":"Beneteau Oceanis 38.1"},"content":{"rendered":"<p>En l\u00ednea con el \u00faltimo 41.1, el nuevo Oceanis 38.1 conjuga con mucha ingeniosidad, funcionalidad, eficacia y elegancia en tama\u00f1os de barco donde la funci\u00f3n se impone generalmente sobre la personalizaci\u00f3n: la gama Oceanis contin\u00faa afirmando su vocaci\u00f3n de ofrecer una amplia elecci\u00f3n para una clientela exigente.<\/p>\n","protected":false},"excerpt":{"rendered":"<p>En l\u00ednea con el \u00faltimo 41.1, el nuevo Oceanis 38.1 conjuga con mucha ingeniosidad, funcionalidad, eficacia y elegancia en tama\u00f1os de barco donde la funci\u00f3n se impone generalmente sobre la personalizaci\u00f3n: la gama Oceanis contin\u00faa afirmando su vocaci\u00f3n de ofrecer una amplia elecci\u00f3n para una clientela exigente.<\/p>\n","protected":false},"featured_media":647,"comment_status":"open","ping_status":"closed","template":"","meta":[],"product_cat":[84,44,23],"product_tag":[41],"class_list":["post-646","product","type-product","status-publish","has-post-thumbnail","hentry","product_cat-monocasco","product_cat-nuevo","product_cat-vela","product_tag-beneteau"],"_links":{"self":[{"href":"https:\/\/oceanic.gomd.cl\/dev\/wp-json\/wp\/v2\/product\/646","targetHints":{"allow":["GET"]}}],"collection":[{"href":"https:\/\/oceanic.gomd.cl\/dev\/wp-json\/wp\/v2\/product"}],"about":[{"href":"https:\/\/oceanic.gomd.cl\/dev\/wp-json\/wp\/v2\/types\/product"}],"replies":[{"embeddable":true,"href":"https:\/\/oceanic.gomd.cl\/dev\/wp-json\/wp\/v2\/comments?post=646"}],"wp:featuredmedia":[{"embeddable":true,"href":"https:\/\/oceanic.gomd.cl\/dev\/wp-json\/wp\/v2\/media\/647"}],"wp:attachment":[{"href":"https:\/\/oceanic.gomd.cl\/dev\/wp-json\/wp\/v2\/media?parent=646"}],"wp:term":[{"taxonomy":"product_cat","embeddable":true,"href":"https:\/\/oceanic.gomd.cl\/dev\/wp-json\/wp\/v2\/product_cat?post=646"},{"taxonomy":"product_tag","embeddable":true,"href":"https:\/\/oceanic.gomd.cl\/dev\/wp-json\/wp\/v2\/product_tag?post=646"}],"curies":[{"name":"wp","href":"https:\/\/api.w.org\/{rel}","templated":true}]}}