{"id":707,"date":"2021-06-24T15:00:57","date_gmt":"2021-06-24T19:00:57","guid":{"rendered":"https:\/\/oceanic.gomd.cl\/dev\/?post_type=product&#038;p=707"},"modified":"2021-08-10T11:01:11","modified_gmt":"2021-08-10T15:01:11","slug":"beneteau-oceanis-51-1","status":"publish","type":"product","link":"https:\/\/oceanic.gomd.cl\/dev\/embarcacion\/beneteau-oceanis-51-1\/","title":{"rendered":"Beneteau Oceanis 51.1"},"content":{"rendered":"<p>Con sus l\u00edneas suaves, una nueva carena con resalto y un plano de cubierta depurado, el Oceanis 51.1 es el primer nacido de la nueva generaci\u00f3n de la gama.<br \/>\nManejable, simple y elegante, multiplica las posibilidades de personalizaci\u00f3n con m\u00e1s de 700 combinaciones diferentes.<\/p>\n","protected":false},"excerpt":{"rendered":"<p>Con sus l\u00edneas suaves, una nueva carena con resalto y un plano de cubierta depurado, el Oceanis 51.1 es el primer nacido de la nueva generaci\u00f3n de la gama. Manejable, simple y elegante, multiplica las posibilidades de personalizaci\u00f3n con m\u00e1s de 700 combinaciones diferentes.<\/p>\n","protected":false},"featured_media":708,"comment_status":"open","ping_status":"closed","template":"","meta":[],"product_cat":[84,44,23],"product_tag":[41],"class_list":["post-707","product","type-product","status-publish","has-post-thumbnail","hentry","product_cat-monocasco","product_cat-nuevo","product_cat-vela","product_tag-beneteau"],"_links":{"self":[{"href":"https:\/\/oceanic.gomd.cl\/dev\/wp-json\/wp\/v2\/product\/707","targetHints":{"allow":["GET"]}}],"collection":[{"href":"https:\/\/oceanic.gomd.cl\/dev\/wp-json\/wp\/v2\/product"}],"about":[{"href":"https:\/\/oceanic.gomd.cl\/dev\/wp-json\/wp\/v2\/types\/product"}],"replies":[{"embeddable":true,"href":"https:\/\/oceanic.gomd.cl\/dev\/wp-json\/wp\/v2\/comments?post=707"}],"wp:featuredmedia":[{"embeddable":true,"href":"https:\/\/oceanic.gomd.cl\/dev\/wp-json\/wp\/v2\/media\/708"}],"wp:attachment":[{"href":"https:\/\/oceanic.gomd.cl\/dev\/wp-json\/wp\/v2\/media?parent=707"}],"wp:term":[{"taxonomy":"product_cat","embeddable":true,"href":"https:\/\/oceanic.gomd.cl\/dev\/wp-json\/wp\/v2\/product_cat?post=707"},{"taxonomy":"product_tag","embeddable":true,"href":"https:\/\/oceanic.gomd.cl\/dev\/wp-json\/wp\/v2\/product_tag?post=707"}],"curies":[{"name":"wp","href":"https:\/\/api.w.org\/{rel}","templated":true}]}}