{"id":759,"date":"2021-06-24T17:09:28","date_gmt":"2021-06-24T21:09:28","guid":{"rendered":"https:\/\/oceanic.gomd.cl\/dev\/?post_type=product&#038;p=759"},"modified":"2021-08-10T10:56:59","modified_gmt":"2021-08-10T14:56:59","slug":"figaro-beneteau-3","status":"publish","type":"product","link":"https:\/\/oceanic.gomd.cl\/dev\/embarcacion\/figaro-beneteau-3\/","title":{"rendered":"Figaro Beneteau 3"},"content":{"rendered":"<p>El Figaro B\u00e9n\u00e9teau 3 es el primer monocasco monotipo con \u201cfoils\u201d de serie nunca imaginado. Concentrado de tecnolog\u00eda y de innovaci\u00f3n, es el fruto de una colaboraci\u00f3n entre los mejores expertos del grupo B\u00e9n\u00e9teau y del gabinete de arquitectura Van Peteghem Lauriot-Pr\u00e9vost (VPLP), arquitectos de los tres \u00faltimos barcos vencedores de la Vend\u00e9e Globe.<br \/>\nEl prototipo entra en fase de construcci\u00f3n, para ser botado y probado durante el verano 2017.<br \/>\nEntra en la categor\u00eda de concepci\u00f3n A ISO\/World Sailing.<\/p>\n<p><strong>MODERNIDAD, FIABILIDAD Y EFICACIA<\/strong><\/p>\n<p>El cuaderno de cargas define el FB3 como un monotipo tan fiable como su predecesor, el FB2. Est\u00e1 provisto de \u201cfoils\u201d, de una carena m\u00e1s eficaz y liberada de los lastres, de una quilla m\u00e1s fina y m\u00e1s profunda, de un m\u00e1stil retrasado y de un plano de velamen m\u00e1s surtido y m\u00e1s grande.<\/p>\n","protected":false},"excerpt":{"rendered":"<p>El Figaro B\u00e9n\u00e9teau 3 es el primer monocasco monotipo con \u201cfoils\u201d de serie nunca imaginado. Concentrado de tecnolog\u00eda y de innovaci\u00f3n, es el fruto de una colaboraci\u00f3n entre los mejores expertos del grupo B\u00e9n\u00e9teau y del gabinete de arquitectura Van Peteghem Lauriot-Pr\u00e9vost (VPLP), arquitectos de los tres \u00faltimos barcos vencedores de la Vend\u00e9e Globe. El &hellip;<\/p>\n<p class=\"read-more\"> <a class=\"\" href=\"https:\/\/oceanic.gomd.cl\/dev\/embarcacion\/figaro-beneteau-3\/\"> <span class=\"screen-reader-text\">Figaro Beneteau 3<\/span> Read More &raquo;<\/a><\/p>\n","protected":false},"featured_media":760,"comment_status":"open","ping_status":"closed","template":"","meta":[],"product_cat":[84,44,23],"product_tag":[41],"class_list":["post-759","product","type-product","status-publish","has-post-thumbnail","hentry","product_cat-monocasco","product_cat-nuevo","product_cat-vela","product_tag-beneteau"],"_links":{"self":[{"href":"https:\/\/oceanic.gomd.cl\/dev\/wp-json\/wp\/v2\/product\/759","targetHints":{"allow":["GET"]}}],"collection":[{"href":"https:\/\/oceanic.gomd.cl\/dev\/wp-json\/wp\/v2\/product"}],"about":[{"href":"https:\/\/oceanic.gomd.cl\/dev\/wp-json\/wp\/v2\/types\/product"}],"replies":[{"embeddable":true,"href":"https:\/\/oceanic.gomd.cl\/dev\/wp-json\/wp\/v2\/comments?post=759"}],"wp:featuredmedia":[{"embeddable":true,"href":"https:\/\/oceanic.gomd.cl\/dev\/wp-json\/wp\/v2\/media\/760"}],"wp:attachment":[{"href":"https:\/\/oceanic.gomd.cl\/dev\/wp-json\/wp\/v2\/media?parent=759"}],"wp:term":[{"taxonomy":"product_cat","embeddable":true,"href":"https:\/\/oceanic.gomd.cl\/dev\/wp-json\/wp\/v2\/product_cat?post=759"},{"taxonomy":"product_tag","embeddable":true,"href":"https:\/\/oceanic.gomd.cl\/dev\/wp-json\/wp\/v2\/product_tag?post=759"}],"curies":[{"name":"wp","href":"https:\/\/api.w.org\/{rel}","templated":true}]}}