{"id":784,"date":"2021-06-24T18:39:26","date_gmt":"2021-06-24T22:39:26","guid":{"rendered":"https:\/\/oceanic.gomd.cl\/dev\/?post_type=product&#038;p=784"},"modified":"2021-08-10T10:50:42","modified_gmt":"2021-08-10T14:50:42","slug":"gran-turismo-32","status":"publish","type":"product","link":"https:\/\/oceanic.gomd.cl\/dev\/embarcacion\/gran-turismo-32\/","title":{"rendered":"Gran Turismo 32"},"content":{"rendered":"<p><strong>100% PLACER, 100% CONFORT<\/strong><br \/>\nOptimizado para disfrutar al m\u00e1ximo de cada espacio, el Gran Turismo 32 da alas a la imaginaci\u00f3n y despliega un amplio potencial de usos en cualquier estaci\u00f3n. A bordo, se da prioridad absoluta a la luminosidad y a la ventilaci\u00f3n.<\/p>\n","protected":false},"excerpt":{"rendered":"<p>100% PLACER, 100% CONFORT Optimizado para disfrutar al m\u00e1ximo de cada espacio, el Gran Turismo 32 da alas a la imaginaci\u00f3n y despliega un amplio potencial de usos en cualquier estaci\u00f3n. A bordo, se da prioridad absoluta a la luminosidad y a la ventilaci\u00f3n.<\/p>\n","protected":false},"featured_media":785,"comment_status":"open","ping_status":"closed","template":"","meta":[],"product_cat":[84,22,44],"product_tag":[41],"class_list":["post-784","product","type-product","status-publish","has-post-thumbnail","hentry","product_cat-monocasco","product_cat-motor","product_cat-nuevo","product_tag-beneteau"],"_links":{"self":[{"href":"https:\/\/oceanic.gomd.cl\/dev\/wp-json\/wp\/v2\/product\/784","targetHints":{"allow":["GET"]}}],"collection":[{"href":"https:\/\/oceanic.gomd.cl\/dev\/wp-json\/wp\/v2\/product"}],"about":[{"href":"https:\/\/oceanic.gomd.cl\/dev\/wp-json\/wp\/v2\/types\/product"}],"replies":[{"embeddable":true,"href":"https:\/\/oceanic.gomd.cl\/dev\/wp-json\/wp\/v2\/comments?post=784"}],"wp:featuredmedia":[{"embeddable":true,"href":"https:\/\/oceanic.gomd.cl\/dev\/wp-json\/wp\/v2\/media\/785"}],"wp:attachment":[{"href":"https:\/\/oceanic.gomd.cl\/dev\/wp-json\/wp\/v2\/media?parent=784"}],"wp:term":[{"taxonomy":"product_cat","embeddable":true,"href":"https:\/\/oceanic.gomd.cl\/dev\/wp-json\/wp\/v2\/product_cat?post=784"},{"taxonomy":"product_tag","embeddable":true,"href":"https:\/\/oceanic.gomd.cl\/dev\/wp-json\/wp\/v2\/product_tag?post=784"}],"curies":[{"name":"wp","href":"https:\/\/api.w.org\/{rel}","templated":true}]}}