{"id":799,"date":"2021-06-24T18:58:50","date_gmt":"2021-06-24T22:58:50","guid":{"rendered":"https:\/\/oceanic.gomd.cl\/dev\/?post_type=product&#038;p=799"},"modified":"2021-08-10T10:47:11","modified_gmt":"2021-08-10T14:47:11","slug":"swift-trawler-47","status":"publish","type":"product","link":"https:\/\/oceanic.gomd.cl\/dev\/embarcacion\/swift-trawler-47\/","title":{"rendered":"Swift Trawler 47"},"content":{"rendered":"<p>A la vez seguro de \u00e9l y de f\u00e1cil acceso, el Swift Trawler 47 es el barco so\u00f1ado para viajar en tribu. Seductor tanto por su personalidad como por su confort, ha sido concebido para llevarle m\u00e1s lejos, m\u00e1s r\u00e1pido, y con a\u00fan m\u00e1s espacio a bordo.<\/p>\n","protected":false},"excerpt":{"rendered":"<p>A la vez seguro de \u00e9l y de f\u00e1cil acceso, el Swift Trawler 47 es el barco so\u00f1ado para viajar en tribu. Seductor tanto por su personalidad como por su confort, ha sido concebido para llevarle m\u00e1s lejos, m\u00e1s r\u00e1pido, y con a\u00fan m\u00e1s espacio a bordo.<\/p>\n","protected":false},"featured_media":800,"comment_status":"open","ping_status":"closed","template":"","meta":[],"product_cat":[84,22,44],"product_tag":[41],"class_list":["post-799","product","type-product","status-publish","has-post-thumbnail","hentry","product_cat-monocasco","product_cat-motor","product_cat-nuevo","product_tag-beneteau"],"_links":{"self":[{"href":"https:\/\/oceanic.gomd.cl\/dev\/wp-json\/wp\/v2\/product\/799","targetHints":{"allow":["GET"]}}],"collection":[{"href":"https:\/\/oceanic.gomd.cl\/dev\/wp-json\/wp\/v2\/product"}],"about":[{"href":"https:\/\/oceanic.gomd.cl\/dev\/wp-json\/wp\/v2\/types\/product"}],"replies":[{"embeddable":true,"href":"https:\/\/oceanic.gomd.cl\/dev\/wp-json\/wp\/v2\/comments?post=799"}],"wp:featuredmedia":[{"embeddable":true,"href":"https:\/\/oceanic.gomd.cl\/dev\/wp-json\/wp\/v2\/media\/800"}],"wp:attachment":[{"href":"https:\/\/oceanic.gomd.cl\/dev\/wp-json\/wp\/v2\/media?parent=799"}],"wp:term":[{"taxonomy":"product_cat","embeddable":true,"href":"https:\/\/oceanic.gomd.cl\/dev\/wp-json\/wp\/v2\/product_cat?post=799"},{"taxonomy":"product_tag","embeddable":true,"href":"https:\/\/oceanic.gomd.cl\/dev\/wp-json\/wp\/v2\/product_tag?post=799"}],"curies":[{"name":"wp","href":"https:\/\/api.w.org\/{rel}","templated":true}]}}