{"id":935,"date":"2021-07-06T21:44:13","date_gmt":"2021-07-07T01:44:13","guid":{"rendered":"https:\/\/oceanic.gomd.cl\/dev\/?post_type=product&#038;p=935"},"modified":"2021-08-10T10:31:35","modified_gmt":"2021-08-10T14:31:35","slug":"lagoon-sixty5","status":"publish","type":"product","link":"https:\/\/oceanic.gomd.cl\/dev\/embarcacion\/lagoon-sixty5\/","title":{"rendered":"Lagoon Sixty5"},"content":{"rendered":"<p><strong>MEJOR ERGONOM\u00cdA Y CONFORT \u00d3PTIMO.<\/strong><br \/>\nEstilizado, intr\u00e9pido, ansioso de viento y rociones, combinando precisi\u00f3n y delicadeza, el SIXTY 5 est\u00e1 hecho para navegar lo conocido y lo desconocido, para compartir la aventura con sus seres queridos y, sobre todo, para fusionarse con su barco.<\/p>\n","protected":false},"excerpt":{"rendered":"<p>MEJOR ERGONOM\u00cdA Y CONFORT \u00d3PTIMO. Estilizado, intr\u00e9pido, ansioso de viento y rociones, combinando precisi\u00f3n y delicadeza, el SIXTY 5 est\u00e1 hecho para navegar lo conocido y lo desconocido, para compartir la aventura con sus seres queridos y, sobre todo, para fusionarse con su barco.<\/p>\n","protected":false},"featured_media":936,"comment_status":"open","ping_status":"closed","template":"","meta":[],"product_cat":[82,44,23],"product_tag":[80],"class_list":["post-935","product","type-product","status-publish","has-post-thumbnail","hentry","product_cat-catamaran","product_cat-nuevo","product_cat-vela","product_tag-lagoon"],"_links":{"self":[{"href":"https:\/\/oceanic.gomd.cl\/dev\/wp-json\/wp\/v2\/product\/935","targetHints":{"allow":["GET"]}}],"collection":[{"href":"https:\/\/oceanic.gomd.cl\/dev\/wp-json\/wp\/v2\/product"}],"about":[{"href":"https:\/\/oceanic.gomd.cl\/dev\/wp-json\/wp\/v2\/types\/product"}],"replies":[{"embeddable":true,"href":"https:\/\/oceanic.gomd.cl\/dev\/wp-json\/wp\/v2\/comments?post=935"}],"wp:featuredmedia":[{"embeddable":true,"href":"https:\/\/oceanic.gomd.cl\/dev\/wp-json\/wp\/v2\/media\/936"}],"wp:attachment":[{"href":"https:\/\/oceanic.gomd.cl\/dev\/wp-json\/wp\/v2\/media?parent=935"}],"wp:term":[{"taxonomy":"product_cat","embeddable":true,"href":"https:\/\/oceanic.gomd.cl\/dev\/wp-json\/wp\/v2\/product_cat?post=935"},{"taxonomy":"product_tag","embeddable":true,"href":"https:\/\/oceanic.gomd.cl\/dev\/wp-json\/wp\/v2\/product_tag?post=935"}],"curies":[{"name":"wp","href":"https:\/\/api.w.org\/{rel}","templated":true}]}}