{"id":955,"date":"2021-07-06T22:08:55","date_gmt":"2021-07-07T02:08:55","guid":{"rendered":"https:\/\/oceanic.gomd.cl\/dev\/?post_type=product&#038;p=955"},"modified":"2021-08-10T10:29:26","modified_gmt":"2021-08-10T14:29:26","slug":"lagoon-55","status":"publish","type":"product","link":"https:\/\/oceanic.gomd.cl\/dev\/embarcacion\/lagoon-55\/","title":{"rendered":"Lagoon 55"},"content":{"rendered":"<p>Este barco no ofrece l\u00edneas rectas, ni superficies planas, todas las l\u00edneas est\u00e1n estiradas, todas las superficies est\u00e1n compuestas. As\u00ed se expresa la fuerza y la calidad. No se ha dejado nada al azar, es un barco que ha sido totalmente dise\u00f1ado hasta el \u00faltimo detalle.<\/p>\n<p>Porque nuestro objetivo no es que a nuestros clientes les guste nuestro barco, sino que sea su favorito<\/p>\n","protected":false},"excerpt":{"rendered":"<p>Este barco no ofrece l\u00edneas rectas, ni superficies planas, todas las l\u00edneas est\u00e1n estiradas, todas las superficies est\u00e1n compuestas. As\u00ed se expresa la fuerza y la calidad. No se ha dejado nada al azar, es un barco que ha sido totalmente dise\u00f1ado hasta el \u00faltimo detalle. Porque nuestro objetivo no es que a nuestros clientes &hellip;<\/p>\n<p class=\"read-more\"> <a class=\"\" href=\"https:\/\/oceanic.gomd.cl\/dev\/embarcacion\/lagoon-55\/\"> <span class=\"screen-reader-text\">Lagoon 55<\/span> Read More &raquo;<\/a><\/p>\n","protected":false},"featured_media":956,"comment_status":"open","ping_status":"closed","template":"","meta":[],"product_cat":[82,44,23],"product_tag":[80],"class_list":["post-955","product","type-product","status-publish","has-post-thumbnail","hentry","product_cat-catamaran","product_cat-nuevo","product_cat-vela","product_tag-lagoon"],"_links":{"self":[{"href":"https:\/\/oceanic.gomd.cl\/dev\/wp-json\/wp\/v2\/product\/955","targetHints":{"allow":["GET"]}}],"collection":[{"href":"https:\/\/oceanic.gomd.cl\/dev\/wp-json\/wp\/v2\/product"}],"about":[{"href":"https:\/\/oceanic.gomd.cl\/dev\/wp-json\/wp\/v2\/types\/product"}],"replies":[{"embeddable":true,"href":"https:\/\/oceanic.gomd.cl\/dev\/wp-json\/wp\/v2\/comments?post=955"}],"wp:featuredmedia":[{"embeddable":true,"href":"https:\/\/oceanic.gomd.cl\/dev\/wp-json\/wp\/v2\/media\/956"}],"wp:attachment":[{"href":"https:\/\/oceanic.gomd.cl\/dev\/wp-json\/wp\/v2\/media?parent=955"}],"wp:term":[{"taxonomy":"product_cat","embeddable":true,"href":"https:\/\/oceanic.gomd.cl\/dev\/wp-json\/wp\/v2\/product_cat?post=955"},{"taxonomy":"product_tag","embeddable":true,"href":"https:\/\/oceanic.gomd.cl\/dev\/wp-json\/wp\/v2\/product_tag?post=955"}],"curies":[{"name":"wp","href":"https:\/\/api.w.org\/{rel}","templated":true}]}}