{"id":970,"date":"2021-07-07T10:41:32","date_gmt":"2021-07-07T14:41:32","guid":{"rendered":"https:\/\/oceanic.gomd.cl\/dev\/?post_type=product&#038;p=970"},"modified":"2021-08-10T10:27:36","modified_gmt":"2021-08-10T14:27:36","slug":"lagoon-52s","status":"publish","type":"product","link":"https:\/\/oceanic.gomd.cl\/dev\/embarcacion\/lagoon-52s\/","title":{"rendered":"Lagoon 52S"},"content":{"rendered":"<p>El Lagoon 52 S es el resultado de la colaboraci\u00f3n entre el equipo interno del constructor franc\u00e9s Lagoon, los arquitectos VPLP y el italiano Nauta Design. Est\u00e1 dise\u00f1ado para marcar una nueva era en los catamaranes de cruceros, sustituyendo a su predecesor la Laguna 500.<\/p>\n","protected":false},"excerpt":{"rendered":"<p>El Lagoon 52 S es el resultado de la colaboraci\u00f3n entre el equipo interno del constructor franc\u00e9s Lagoon, los arquitectos VPLP y el italiano Nauta Design. Est\u00e1 dise\u00f1ado para marcar una nueva era en los catamaranes de cruceros, sustituyendo a su predecesor la Laguna 500.<\/p>\n","protected":false},"featured_media":1028,"comment_status":"open","ping_status":"closed","template":"","meta":[],"product_cat":[82,44,23],"product_tag":[80],"class_list":["post-970","product","type-product","status-publish","has-post-thumbnail","hentry","product_cat-catamaran","product_cat-nuevo","product_cat-vela","product_tag-lagoon"],"_links":{"self":[{"href":"https:\/\/oceanic.gomd.cl\/dev\/wp-json\/wp\/v2\/product\/970","targetHints":{"allow":["GET"]}}],"collection":[{"href":"https:\/\/oceanic.gomd.cl\/dev\/wp-json\/wp\/v2\/product"}],"about":[{"href":"https:\/\/oceanic.gomd.cl\/dev\/wp-json\/wp\/v2\/types\/product"}],"replies":[{"embeddable":true,"href":"https:\/\/oceanic.gomd.cl\/dev\/wp-json\/wp\/v2\/comments?post=970"}],"wp:featuredmedia":[{"embeddable":true,"href":"https:\/\/oceanic.gomd.cl\/dev\/wp-json\/wp\/v2\/media\/1028"}],"wp:attachment":[{"href":"https:\/\/oceanic.gomd.cl\/dev\/wp-json\/wp\/v2\/media?parent=970"}],"wp:term":[{"taxonomy":"product_cat","embeddable":true,"href":"https:\/\/oceanic.gomd.cl\/dev\/wp-json\/wp\/v2\/product_cat?post=970"},{"taxonomy":"product_tag","embeddable":true,"href":"https:\/\/oceanic.gomd.cl\/dev\/wp-json\/wp\/v2\/product_tag?post=970"}],"curies":[{"name":"wp","href":"https:\/\/api.w.org\/{rel}","templated":true}]}}